{"id":1365,"date":"2021-07-02T12:20:25","date_gmt":"2021-07-02T10:20:25","guid":{"rendered":"https:\/\/www.vinspravi.es\/?post_type=product&#038;p=1365"},"modified":"2021-07-02T13:47:27","modified_gmt":"2021-07-02T11:47:27","slug":"cava-nature-reserva-familia-juve-i-camps","status":"publish","type":"product","link":"https:\/\/www.vinspravi.es\/fr\/producto\/cava-nature-reserva-familia-juve-i-camps\/","title":{"rendered":"Cava Nature Reserva Familia Juv\u00e9 i Camps"},"content":{"rendered":"<p>Destinado inicialmente al consumo de la familia Juv\u00e9. Reserva de la Familia Juv\u00e9 es el Cava Brut Nature Gran Reserva m\u00e1s vendido del mundo. Tremendamente seductor; fresco, vibrante y con un largo final que invita a repetir.<\/p>\n","protected":false},"excerpt":{"rendered":"<p>Cava Nature Reserva Familia Juv\u00e9 i Camps<\/p>\n","protected":false},"featured_media":1366,"template":"","meta":[],"product_brand":[],"product_cat":[88],"product_tag":[],"class_list":{"0":"post-1365","1":"product","2":"type-product","3":"status-publish","4":"has-post-thumbnail","6":"product_cat-espumosos","8":"first","9":"instock","10":"taxable","11":"shipping-taxable","12":"purchasable","13":"product-type-simple"},"_links":{"self":[{"href":"https:\/\/www.vinspravi.es\/fr\/wp-json\/wp\/v2\/product\/1365","targetHints":{"allow":["GET"]}}],"collection":[{"href":"https:\/\/www.vinspravi.es\/fr\/wp-json\/wp\/v2\/product"}],"about":[{"href":"https:\/\/www.vinspravi.es\/fr\/wp-json\/wp\/v2\/types\/product"}],"wp:featuredmedia":[{"embeddable":true,"href":"https:\/\/www.vinspravi.es\/fr\/wp-json\/wp\/v2\/media\/1366"}],"wp:attachment":[{"href":"https:\/\/www.vinspravi.es\/fr\/wp-json\/wp\/v2\/media?parent=1365"}],"wp:term":[{"taxonomy":"product_brand","embeddable":true,"href":"https:\/\/www.vinspravi.es\/fr\/wp-json\/wp\/v2\/product_brand?post=1365"},{"taxonomy":"product_cat","embeddable":true,"href":"https:\/\/www.vinspravi.es\/fr\/wp-json\/wp\/v2\/product_cat?post=1365"},{"taxonomy":"product_tag","embeddable":true,"href":"https:\/\/www.vinspravi.es\/fr\/wp-json\/wp\/v2\/product_tag?post=1365"}],"curies":[{"name":"wp","href":"https:\/\/api.w.org\/{rel}","templated":true}]}}