{"id":689,"date":"2018-06-24T21:34:18","date_gmt":"2018-06-24T19:34:18","guid":{"rendered":"http:\/\/www.vinspravi.es\/aviso-legal\/"},"modified":"2019-01-22T09:28:45","modified_gmt":"2019-01-22T08:28:45","slug":"mentions-legales-et-politique-de-confidentialite","status":"publish","type":"page","link":"https:\/\/www.vinspravi.es\/fr\/mentions-legales-et-politique-de-confidentialite\/","title":{"rendered":"Mentions l\u00e9gales et politique de confidentialit\u00e9"},"content":{"rendered":"<div class=\"wpb-content-wrapper\"><p>[vc_row css_animation=&#8221;element_from_fade&#8221; row_type=&#8221;row&#8221; use_row_as_full_screen_section=&#8221;no&#8221; type=&#8221;grid&#8221; angled_section=&#8221;no&#8221; text_align=&#8221;center&#8221; background_image_as_pattern=&#8221;without_pattern&#8221; padding_top=&#8221;60&#8243; z_index=&#8221;&#8221;][vc_column][vc_column_text el_class=&#8221;section_title&#8221;]<\/p>\n<h1 style=\"text-align: center;\">Mentions l\u00e9gales et politique de confidentialit\u00e9<\/h1>\n<p>[\/vc_column_text][\/vc_column][\/vc_row][vc_row css_animation=&#8221;element_from_fade&#8221; row_type=&#8221;row&#8221; use_row_as_full_screen_section=&#8221;no&#8221; type=&#8221;grid&#8221; angled_section=&#8221;no&#8221; text_align=&#8221;left&#8221; background_image_as_pattern=&#8221;without_pattern&#8221; padding_top=&#8221;40&#8243; padding_bottom=&#8221;50&#8243; z_index=&#8221;&#8221;][vc_column][vc_column_text]Conform\u00e9ment \u00e0 ce qui est stipul\u00e9 dans la Loi espagnole 34\/2002 du 11 juillet relative aux services de la soci\u00e9t\u00e9 de l\u2019information et au commerce \u00e9lectronique, nous informons ci-dessous les utilisateurs des donn\u00e9es de l\u2019information g\u00e9n\u00e9rale de ce site web :<br \/>\n<strong><br \/>\nOBJET<\/strong><br \/>\nCes conditions g\u00e9n\u00e9rales (ci-apr\u00e8s d\u00e9sign\u00e9es les \u00ab Conditions G\u00e9n\u00e9rales \u00bb) r\u00e9glementent l\u2019utilisation de tous les services de ce site web (ci-apr\u00e8s d\u00e9sign\u00e9 \u00ab Portail \u00bb) que VINS PRAVI SL met \u00e0 disposition des utilisateurs d\u2019Internet. Par le simple fait d\u2019utiliser le Portail, les utilisateurs expriment l\u2019acceptation et sans r\u00e9serves de ces conditions, celles-ci pourront \u00eatre modifi\u00e9es par VINS PRAVI SL \u00e0 tout moment. Les utilisateurs seront ainsi soumis \u00e0 toutes les conditions particuli\u00e8res, avis ou r\u00e8glements d\u2019instructions qui seront mis \u00e0 leur connaissance, concernant les contenus ou services concrets, vis\u00e9s par ce qui est pr\u00e9vu dans ces conditions g\u00e9n\u00e9rales, lorsqu\u2019ils ne s\u2019opposeront pas \u00e0 celles-ci.<\/p>\n<p><strong>INFORMATION AUX UTILISATEURS<\/strong><br \/>\nEn tant que responsable du traitement des donn\u00e9es personnelles de l\u2019Utilisateur, VINS PRAVI SL informe ce dernier que lesdites donn\u00e9es seront trait\u00e9es conform\u00e9ment aux dispositions de la norme en vigueur relative \u00e0 la protection de donn\u00e9es \u00e0 caract\u00e8re personnel, au R\u00e8glement (UE) 2016\/679 du 27 avril 2016 (GDPR) relatif \u00e0 la protection des personnes physiques \u00e0 l\u2019\u00e9gard du traitement des donn\u00e9es \u00e0 caract\u00e8re personnel et \u00e0 leur libre circulation, raison pour laquelle les informations suivantes portant sur le traitement des donn\u00e9es lui sont fournies :<\/p>\n<p><strong>Qui est responsable du traitement de vos donn\u00e9es ?<\/strong><\/p>\n<p>Le pr\u00e9sent document constitue la Politique de PROTECTION DES DONN\u00c9ES \u00c0 CARACT\u00c8RE PERSONNEL qui s\u2019applique \u00e0 toutes les donn\u00e9es \u00e0 caract\u00e8re personnel que VINS PRAVI SL recueillons sur vous. Nous vous indiquons ci-dessous les donn\u00e9es d\u2019identification du RESPONSABLE du traitement :<\/p>\n<p>Responsable: VINS PRAVI SL<br \/>\nCIF: B-58117946<br \/>\nAdresse Postale: Ctra. Pont de Vilomara, 126 &#8212; 08240 &#8212; Manresa<br \/>\nT\u00e9l\u00e9phone de contact:938.730.394<br \/>\nCourrier \u00e9lectronique: <a href=\"mailto:administracio@vinspravi.es\">administracio@vinspravi.es<\/a><\/p>\n<p><strong>Finalit\u00e9. <\/strong><strong>Dans quel but traitons-nous vos donn\u00e9es ?<\/strong><\/p>\n<ul>\n<li><strong>Bulletin\/Communications commerciales :<\/strong><\/li>\n<\/ul>\n<p>Lorsque vous nous donnerez votre consentement conform\u00e9ment \u00e0 ce qui est pr\u00e9vu dans l\u2019article 21 de la Loi espagnole relative aux services de la soci\u00e9t\u00e9 de l\u2019information, nous utiliserons vos donn\u00e9es d\u2019identification et de contact pour vous envoyer des informations sur les nouveaut\u00e9s de la page web, des nouvelles d\u2019int\u00e9r\u00eat sur le secteur, ainsi que des promotions et des offres de nos produits et services.<\/p>\n<p>La validit\u00e9 des promotions que nous vous envoyons peut \u00eatre sujette \u00e0 la disponibilit\u00e9 des produits et de sp\u00e9cifications plus concr\u00e8tes. En cas de doute, nous vous informerons sur les conditions des promotions via notre d\u00e9partement d\u2019attention au client.<\/p>\n<ul>\n<li><strong>Formulaire de contact :<\/strong><\/li>\n<\/ul>\n<p>Les donn\u00e9es personnelles que vous nous envoyez via le formulaire de contact ne seront trait\u00e9es que pour r\u00e9pondre \u00e0 votre consultation. Les renseignements recueillis se limitent aux donn\u00e9es d\u2019identification et de contact, ainsi qu\u2019aux donn\u00e9es relatives \u00e0 la nature de la demande que vous nous adressez.<\/p>\n<p>Concernant les informations automatiques de navigation que nous collectons, nous vous recommandons de lire notre politique de cookies.<\/p>\n<p><strong><br \/>\nR\u00e9seaux sociaux :<\/strong><\/p>\n<p>\u00c0 travers notre page web, vous pouvez acc\u00e9der aux r\u00e9seaux sociaux Facebook, Twitter, Instagram dont l\u2019acc\u00e8s est ouvert \u00e0 tous les utilisateurs. Ce sont des sites web sur lesquels les utilisateurs peuvent s\u2019inscrire et nous suivre gratuitement. Sur ces r\u00e9seaux sociaux, les utilisateurs pourront connaitre nos activit\u00e9s, opinions, acc\u00e9der aux photos et vid\u00e9os. Les utilisateurs de ces r\u00e9seaux doivent \u00eatre conscients du fait que ce site est ind\u00e9pendant de notre web et est ouvert, c\u2019est-\u00e0-dire, qu\u2019il est visible par tous ses utilisateurs, et les politiques de confidentialit\u00e9 \u00e0 appliquer \u00e0 ces contenus sont celles fix\u00e9es par Facebook, Twitter, Instagram. \u00ab VINS PRAVI SL \u00bb n\u2019est pas titulaire des r\u00e9seaux sociaux.<\/p>\n<p><strong>Dur\u00e9e du traitement des donn\u00e9es: Crit\u00e8res de conservation des donn\u00e9es : <\/strong><br \/>\nCrit\u00e8res de conservation des donn\u00e9es : elles seront conserv\u00e9es tant qu\u2019il existera un int\u00e9r\u00eat mutuel \u00e0 poursuivre le but du traitement et lorsqu\u2019elles ne seront plus n\u00e9cessaires, elles seront supprim\u00e9es en employant des mesures de s\u00e9curit\u00e9 appropri\u00e9es afin de garantir la pseudonymisation des donn\u00e9es ou leur destruction totale.<\/p>\n<p><strong>L\u00e9gitimit\u00e9: <\/strong><strong>Quelle est la l\u00e9gitimit\u00e9 pour le traitement des donn\u00e9es ?<br \/>\n<\/strong>La base l\u00e9gale pour le traitement de vos donn\u00e9es est le consentement de l\u2019int\u00e9ress\u00e9, l\u2019ex\u00e9cution de contrat de services et offrir des r\u00e9ponses \u00e0 vos consultation re\u00e7ues \u00e0 travers le formulaire de contact ou par courrier \u00e9lectronique (selon les termes et conditions figurant dans notre politique de confidentialit\u00e9).<br \/>\nL\u2019offre prospective de produits et de services est bas\u00e9e sur le consentement qui est demand\u00e9, sans qu\u2019en aucun cas le retrait de ce consentement ne conditionne l\u2019ex\u00e9cution du contrat de services.<\/p>\n<p><strong>Destinataires: <\/strong><strong>\u00c0 quels destinataires vos donn\u00e9es seront-elles communiqu\u00e9es?<br \/>\n<\/strong>Vins Pravi SL n\u2019effectuera aucune cession des donn\u00e9es \u00e0 des tiers, sauf obligation l\u00e9gale.<\/p>\n<p><strong>Droits:<\/strong><strong>Quels sont vos droits lorsque vous nous transmettez vos donn\u00e9es ?<br \/>\n<\/strong>Acc\u00e8s:Tout individu a le droit de savoir si VINS PRAVI SL traite ou non les donn\u00e9es personnelles le concernant.<br \/>\n&#8211; Rectification: Les personnes concern\u00e9es auront le droit de demander la rectification des donn\u00e9es inexactes.<br \/>\n&#8211; Effacement: Les personnes concern\u00e9es pourront demander l\u2019effacement de leurs donn\u00e9es \u00e0 caract\u00e8re personnel lorsque celles-ci ne seront plus n\u00e9cessaires pour les fins pour lesquelles elles ont \u00e9t\u00e9 collect\u00e9es.<br \/>\n&#8211; Opposition: Les personnes concern\u00e9es pourront s\u2019opposer au traitement de leurs donn\u00e9es pour des raisons li\u00e9es \u00e0 leur situation particuli\u00e8re. VINS PRAVI SL cessera de traiter les donn\u00e9es, sauf pour des raisons l\u00e9gitimes et imp\u00e9rieuses ou pour l\u2019exercice ou la d\u00e9fense d\u2019\u00e9ventuelles r\u00e9clamations.<br \/>\n&#8211; Limitation du traitement: Dans certaines circonstances d\u00e9termin\u00e9es et pr\u00e9vues dans l\u2019article 18 du RGPD, les personnes concern\u00e9es pourront demander la limitation du traitement de leurs donn\u00e9es dans les cas suivants :\u2022 Si la contestation de l\u2019exactitude de vos donn\u00e9es est v\u00e9rifi\u00e9e.<br \/>\n\u2022 Lorsque le traitement est illicite et que l\u2019int\u00e9ress\u00e9 s\u2019oppose \u00e0 l\u2019exercice du droit \u00e0 la suppression de ses donn\u00e9es.<br \/>\n\u2022 Lorsque VINS PRAVI SL n\u2019a plus besoin de vos donn\u00e9es mais que l\u2019int\u00e9ress\u00e9 en a besoin pour l\u2019exercice ou la d\u00e9fense de r\u00e9clamations.<br \/>\n\u2022 Lorsque l\u2019int\u00e9ress\u00e9 s\u2019oppose au traitement de donn\u00e9es en vue de l\u2019accomplissement d\u2019une mission d\u2019int\u00e9r\u00eat public ou de la satisfaction d\u2019un int\u00e9r\u00eat l\u00e9gitime en attendant de v\u00e9rifier si les motifs l\u00e9gitimes du responsable pr\u00e9valent sur les v\u00f4tres<br \/>\n&#8211; Portabilit\u00e9: En vertu du droit \u00e0 la portabilit\u00e9, l\u2019int\u00e9ress\u00e9 a le droit d\u2019obtenir ses donn\u00e9es \u00e0 caract\u00e8re personnel sous un format \u00e9lectronique structur\u00e9 \u00e0 usage commun et lecture m\u00e9canique et aura \u00e9galement le droit de les transmettre \u00e0 un autre responsable.<\/p>\n<p>Vous pourrez exercer vos droits aupr\u00e8s de:<a href=\"mailto:administracio@vinspravi.es\">administracio@vinspravi.es<\/a> o ou<br \/>\nD\u00e9partement de Protection de Donn\u00e9es Adresse postale : Ctra. Pont de Vilomara 126 , 08240, Manresa &#8211; T\u00e9l\u00e9phone : 938.730.394<\/p>\n<p><strong>Comment pouvez-vous exercer vos droits ?<br \/>\n<\/strong>Si vous consid\u00e9rez que VINS PRAVI SL n\u2019a pas trait\u00e9 vos donn\u00e9es conform\u00e9ment \u00e0 la norme, vous pouvez vous adresser une demande \u00e9crite \u00e0 l\u2019adresse \u00e9lectronique suivante : <a href=\"mailto:administracio@vinspravi.es\">administracio@vinspravi.es<\/a><br \/>\nPour exercer vos droits, vous devrez joindre \u00e0 votre demande une photocopie de votre pi\u00e8ce d\u2019identit\u00e9 ou d\u2019un document \u00e9quivalent qui atteste de votre identit\u00e9.<br \/>\nL\u2019exercice de ces droits est gratuit.<\/p>\n<p><strong>Quelles sont les voies de r\u00e9clamation ?<br \/>\n<\/strong>L\u2019int\u00e9ress\u00e9 a le droit de pr\u00e9senter une r\u00e9clamation aupr\u00e8s de l\u2019autorit\u00e9 de contr\u00f4le en mati\u00e8re de protection de donn\u00e9s comp\u00e9tente, notamment lorsqu\u2019il n\u2019a pas obtenu satisfaction dans l\u2019exercice de ses droits. Vous pouvez contacter l\u2019Agence espagnole de protection des donn\u00e9es via la page web http:\/\/www.agpd.es.<\/p>\n<p>&nbsp;<\/p>\n<h1>POLITIQUE DE CONFIDENTIALIT\u00c9<\/h1>\n<p>&lt;strongCARACT\u00c8RE OBLIGATOIRE OU FACULTATIF DES INFORMATIONS FOURNIES PAR L\u2019UTILISATEUR<\/p>\n<p>Les Utilisateurs, en saisissant les donn\u00e9es dans les champs du formulaire de contact ou pr\u00e9sent\u00e9s dans des formulaires de t\u00e9l\u00e9chargement, acceptent express\u00e9ment et librement et sans \u00e9quivoque, que leurs donn\u00e9es sont n\u00e9cessaires pour r\u00e9pondre \u00e0 leur demande, par le fournisseur, l\u2019inclusion de donn\u00e9es dans les champs restants \u00e9tant volontaire. L\u2019Utilisateur garantit que les donn\u00e9es personnelles fournies \u00e0 VINS PRAVI SL sont v\u00e9ridiques et est responsable de la communication de toute modification de celles-ci.<\/p>\n<p>VINS PRAVI SL informe et garantit express\u00e9ment aux utilisateurs que leurs donn\u00e9es personnelles ne seront c\u00e9d\u00e9es en aucun cas \u00e0 des tiers, et que chaque fois qu\u2019un type de cession de donn\u00e9es \u00e0 caract\u00e8re personnel sera r\u00e9alis\u00e9, il sera demand\u00e9 au pr\u00e9alable le consentement expresse, renseign\u00e9 et non \u00e9quivoque aux Utilisateurs. Toutes les donn\u00e9es demand\u00e9es \u00e0 travers le site web sont obligatoires \u00e9tant donn\u00e9 qu\u2019elles sont n\u00e9cessaires pour la prestation d\u2019un service optimal aupr\u00e8s de l\u2019Utilisateur. Dans le cas o\u00f9 toutes les donn\u00e9es ne seraient pas fournies, il n\u2019est pas garanti que l\u2019information et les services fournis satisfassent compl\u00e8tement vos besoins.<\/p>\n<p><strong>Mesures de s\u00e9curit\u00e9<br \/>\n<\/strong>Conform\u00e9ment aux dispositions de la norme en vigueur relative \u00e0 la protection des donn\u00e9es personnelles, VINS PRAVI SL est conforme \u00e0 toutes les dispositions de la norme du RGPD, pour le traitement des donn\u00e9es personnelles de sa responsabilit\u00e9, et manifestement aux principes vis\u00e9s \u00e0 l\u2019article 5 du RGPD, pour lesquelles elles sont trait\u00e9es de mani\u00e8re licite, loyale et transparente au regard de l\u2019int\u00e9ress\u00e9 et sont appropri\u00e9s, pertinentes et limit\u00e9es \u00e0 ce qui est n\u00e9cessaire au regard des finalit\u00e9s pour lesquelles elles sont trait\u00e9es.<\/p>\n<p>VINS PRAVI SL garantit qu\u2019elle a \u00e9tabli des politiques techniques et organisationnelles appropri\u00e9es pour appliquer les mesures de s\u00e9curit\u00e9 qu\u2019\u00e9tabli le RGPD, pour prot\u00e9ger les droits et libert\u00e9s des Utilisateurs et qu\u2019il leur a communiqu\u00e9 l\u2019information appropri\u00e9e pour qu\u2019ils puissent les exercer.<\/p>\n<p><strong>UTILISATION DU PORTAIL ET DES SERVICES POUR LES UTILISATEURS<br \/>\n<\/strong>Sauf obtention d\u2019une autorisation pr\u00e9alable et expresse sp\u00e9cifiquement accord\u00e9e \u00e0 cet effet par VINS PRAVI SL, l\u2019Utilisateur renoncera \u00e0 obtenir ou \u00e0 essayer d\u2019obtenir tout type de contenu, tels que des textes, graphiques, dessins, archives de son, images ou photographies, vid\u00e9os, logiciel et en g\u00e9n\u00e9ral n\u2019importe quel type de mat\u00e9riel accessible \u00e0 travers le Portail ou des services utilis\u00e9s par eux, \u00e0 l\u2019aide de moyens diff\u00e9rents de ceux mis \u00e0 sa disposition \u00e0 cet effet ou de ceux qui sont habituellement employ\u00e9s \u00e0 cet effet sur Internet.<\/p>\n<p>La reproduction, modification, copie, utilisation, distribution, commercialisation, communication publique ou toute autre utilisation de l\u2019information contenue sur le site Web de VINS PRAVI SL (y compris son propre design, configuration et forme d\u2019exposition du site web) qui se r\u00e9aliseront sans autorisation de VINS PRAVI SL constitue une infraction de la l\u00e9gislation en vigueur en mati\u00e8re de propri\u00e9t\u00e9 intellectuelle.<\/p>\n<p><strong>POLITIQUE DE COOKIES<br \/>\n<\/strong>Ce site web ne collecte aucune donn\u00e9e \u00e0 caract\u00e8re personnel de ses utilisateurs sans que ces derniers n\u2019en aient connaissance, ni ne les c\u00e8de \u00e0 des tiers.<\/p>\n<p>Afin de vous offrir le meilleur service et de faciliter l\u2019utilisation, nous analysons le nombre de pages consult\u00e9es, le nombre de visites, ainsi que l\u2019activit\u00e9 des visiteurs et leur fr\u00e9quence de retour. \u00c0 cet effet, VINS PRAVI SL utilise l\u2019information statistique \u00e9labor\u00e9e par le fournisseur de services d\u2019Internet.<\/p>\n<p>VINS PRAVI SL n\u2019utilise pas de cookies pour recueillir des informations concernant les utilisateurs, ni enregistre les adresses IP. Elle n\u2019utilise que ses propres cookies, de session, dont la finalit\u00e9 est technique (ceux qui permettent \u00e0 l\u2019utilisateur la navigation \u00e0 travers le site web et l\u2019utilisation des diff\u00e9rentes options et services existants).<\/p>\n<p><strong>EXCLUSION DE RESPONSABILIT\u00c9 DES CONTENUS<br \/>\n<\/strong>L\u2019entreprise ne sera en aucun cas consid\u00e9r\u00e9e responsable, ni de fa\u00e7on directe ni de mani\u00e8re subsidiaire, d\u2019aucun contenu, information, communication, opinion ou manifestation de n\u2019importe quelle nature que ce soit et dont l\u2019utilisateur ou toute personne ou entit\u00e9 en serait l\u2019origine, et qui serait communiqu\u00e9e, diffus\u00e9e, transmise ou exhib\u00e9e \u00e0 travers ce portail.<\/p>\n<p><strong>PROPRI\u00c9T\u00c9 INTELECTUELLE ET INDUSTRIELLE<br \/>\n<\/strong>Tous les contenus aussi bien que noms, logos, marques et bases de donn\u00e9es accessibles dans les pages web du Portail sont assujettis \u00e0 des droits de propri\u00e9t\u00e9 industrielle et intellectuelle de VINS PRAVI SL ou de tiers titulaires de ces m\u00eames droits. L\u2019acc\u00e8s aux pages web du Portail n\u2019implique en aucun cas, un quelconque type de renoncement, transmission ou cession totale ou partielle desdits droits, pas plus qu\u2019il ne conf\u00e8re un droit d\u2019utilisation, d\u2019alt\u00e9ration, d\u2019exploitation, de reproduction, de distribution ou de communication publique sur les contenus ou biens de propri\u00e9t\u00e9 industrielle sans l\u2019autorisation pr\u00e9alable et expresse sp\u00e9cifiquement accord\u00e9e \u00e0 cet effet par l\u2019entreprise ou par un tiers, titulaire des droits, \u00e0 l\u2019exception des droits de visualisation et de r\u00e9alisation de copies en vue d\u2019un usage personnel et exclusif de l\u2019utilisateur, ceux-ci devant toujours \u00eatre exerc\u00e9s en suivant les principes de bonne foi ainsi que la l\u00e9gislation applicable.<\/p>\n<p>VINS PRAVI SL et d\u2019autres d\u00e9nominations de produits, services, graphiques et logotypes sont des marques prot\u00e9g\u00e9es par VINS PRAVI SL. Les d\u00e9nominations d\u2019autres produits, services et entreprises mentionn\u00e9es dans ce document peuvent \u00eatre des marques enregistr\u00e9es de leurs propri\u00e9taires respectifs.<\/p>\n<p><strong>LOI APPLICABLE<br \/>\n<\/strong>Les conditions g\u00e9n\u00e9rales sont r\u00e9gies par la loi espagnole. En cas de conflit ou de d\u00e9saccord d\u00e9rivant de l\u2019interpr\u00e9tation des termes de cet avis l\u00e9gal, ainsi que toute question relative aux services du pr\u00e9sent portail, c\u2019est la loi espagnole qui sera appliqu\u00e9e.[\/vc_column_text][\/vc_column][\/vc_row]<\/p>\n<\/div>","protected":false},"excerpt":{"rendered":"<p>[vc_row css_animation=&#8221;element_from_fade&#8221; row_type=&#8221;row&#8221; use_row_as_full_screen_section=&#8221;no&#8221; type=&#8221;grid&#8221; angled_section=&#8221;no&#8221; text_align=&#8221;center&#8221; background_image_as_pattern=&#8221;without_pattern&#8221; padding_top=&#8221;60&#8243; z_index=&#8221;&#8221;][vc_column][vc_column_text el_class=&#8221;section_title&#8221;] Mentions l\u00e9gales et politique de confidentialit\u00e9 [\/vc_column_text][\/vc_column][\/vc_row][vc_row css_animation=&#8221;element_from_fade&#8221; row_type=&#8221;row&#8221; use_row_as_full_screen_section=&#8221;no&#8221; type=&#8221;grid&#8221; angled_section=&#8221;no&#8221; text_align=&#8221;left&#8221; background_image_as_pattern=&#8221;without_pattern&#8221; padding_top=&#8221;40&#8243; padding_bottom=&#8221;50&#8243; z_index=&#8221;&#8221;][vc_column][vc_column_text]Conform\u00e9ment \u00e0 ce qui est stipul\u00e9 dans la Loi espagnole 34\/2002 du 11 juillet relative aux services de&#8230;<\/p>\n","protected":false},"author":1,"featured_media":0,"parent":0,"menu_order":0,"comment_status":"closed","ping_status":"closed","template":"full_width.php","meta":{"footnotes":""},"class_list":["post-689","page","type-page","status-publish","hentry"],"_links":{"self":[{"href":"https:\/\/www.vinspravi.es\/fr\/wp-json\/wp\/v2\/pages\/689","targetHints":{"allow":["GET"]}}],"collection":[{"href":"https:\/\/www.vinspravi.es\/fr\/wp-json\/wp\/v2\/pages"}],"about":[{"href":"https:\/\/www.vinspravi.es\/fr\/wp-json\/wp\/v2\/types\/page"}],"author":[{"embeddable":true,"href":"https:\/\/www.vinspravi.es\/fr\/wp-json\/wp\/v2\/users\/1"}],"replies":[{"embeddable":true,"href":"https:\/\/www.vinspravi.es\/fr\/wp-json\/wp\/v2\/comments?post=689"}],"version-history":[{"count":2,"href":"https:\/\/www.vinspravi.es\/fr\/wp-json\/wp\/v2\/pages\/689\/revisions"}],"predecessor-version":[{"id":691,"href":"https:\/\/www.vinspravi.es\/fr\/wp-json\/wp\/v2\/pages\/689\/revisions\/691"}],"wp:attachment":[{"href":"https:\/\/www.vinspravi.es\/fr\/wp-json\/wp\/v2\/media?parent=689"}],"curies":[{"name":"wp","href":"https:\/\/api.w.org\/{rel}","templated":true}]}}