{"id":669,"date":"2018-06-24T21:34:49","date_gmt":"2018-06-24T19:34:49","guid":{"rendered":"http:\/\/www.vinspravi.es\/politica-de-cookies\/"},"modified":"2020-11-25T16:31:42","modified_gmt":"2020-11-25T15:31:42","slug":"politique-de-cookies","status":"publish","type":"page","link":"https:\/\/www.vinspravi.es\/fr\/politique-de-cookies\/","title":{"rendered":"Politique de cookies"},"content":{"rendered":"<div class=\"wpb-content-wrapper\"><p>[vc_row css_animation=&#8221;element_from_fade&#8221; row_type=&#8221;row&#8221; use_row_as_full_screen_section=&#8221;no&#8221; type=&#8221;grid&#8221; angled_section=&#8221;no&#8221; text_align=&#8221;center&#8221; background_image_as_pattern=&#8221;without_pattern&#8221; padding_top=&#8221;60&#8243; z_index=&#8221;&#8221;][vc_column][vc_column_text el_class=&#8221;section_title&#8221;]<\/p>\n<h1 style=\"text-align: center;\">Politique de cookies<\/h1>\n<p>[\/vc_column_text][\/vc_column][\/vc_row][vc_row css_animation=&#8221;element_from_fade&#8221; row_type=&#8221;row&#8221; use_row_as_full_screen_section=&#8221;no&#8221; type=&#8221;grid&#8221; angled_section=&#8221;no&#8221; text_align=&#8221;left&#8221; background_image_as_pattern=&#8221;without_pattern&#8221; padding_top=&#8221;40&#8243; padding_bottom=&#8221;50&#8243; z_index=&#8221;&#8221;][vc_column][vc_column_text]<strong>Information sur les cookies<\/strong><br \/>\nSuite \u00e0 l\u2019entr\u00e9e en vigueur de la modification de la \u00ab Loi (espagnole) sur les services de la soci\u00e9t\u00e9 de l\u2019information \u00bb (LSSICE) \u00e9tablie par le D\u00e9cret Royal 13\/2012, il est obligatoire d\u2019obtenir le consentement expresse de l\u2019utilisateur de toutes les pages web qui utilisent des cookies facultatifs, avant que celui-ci ne commence \u00e0 y naviguer.<\/p>\n<p><strong>Que sont les cookies ?<\/strong><br \/>\nLes cookies et les autres technologies similaires telles que les local shared objects, flash cookies ou les pixels sont des outils employ\u00e9s par les serveurs web pour stocker et r\u00e9cup\u00e9rer des informations concernant leurs visiteurs, ainsi que pour permettre au site de fonctionner correctement.<br \/>\nGr\u00e2ce \u00e0 l\u2019utilisation de ces dispositifs, le serveur web peut se rappeler de certaines donn\u00e9es relatives \u00e0 l\u2019utilisateur, telles que ses pr\u00e9f\u00e9rences de visualisation des pages de ce serveur, le nom et le mot de passe, les produits qui l\u2019int\u00e9ressent le plus, etc.<\/p>\n<p><strong>Cookies concern\u00e9s par la norme et cookies exclus<\/strong><br \/>\nSelon la directive de l\u2019Union europ\u00e9enne, les cookies qui exige le consentement de l\u2019utilisateur sont les cookies analytiques et ceux portant sur la publicit\u00e9 et l\u2019affiliation, tandis que ceux ayant un caract\u00e8re technique et ceux n\u00e9cessaires au fonctionnement du site web ou \u00e0 la prestation de services express\u00e9ment demand\u00e9s par l\u2019utilisateur ne le requi\u00e8rent pas.<\/p>\n<p><strong>Information sur les cookies utilis\u00e9s<\/strong><br \/>\nNous vous informons que ce site web utilise des cookies dans le but d\u2019ex\u00e9cuter les communications \u00e9lectroniques propres \u00e0 la navigation, ainsi que pour pr\u00eater ou habiliter les services ou fonctionnalit\u00e9s que vous avez demand\u00e9es. Ces cookies sont les suivants :<\/p>\n<p>&#8211; _ga (Analytique): Dur\u00e9e 2 ans. Utilisation: Permet de compter combien de personnes visitent le site web en contr\u00f4lant si elles y ont acc\u00e9d\u00e9 auparavant.<a href=\"https:\/\/developers.google.com\/analytics\/devguides\/collection\/analyticsjs\/cookie-usage\" target=\"_blank\" rel=\"noopener noreferrer\">Politique de Google Analytics<\/a><br \/>\n&#8211; _gid (Analytique): Dur\u00e9e 24 heures. Utilisation: Permet de compter combien de personnes visitent le site web en contr\u00f4lant si elles y ont acc\u00e9d\u00e9 auparavant. <a href=\"https:\/\/developers.google.com\/analytics\/devguides\/collection\/analyticsjs\/cookie-usage\" target=\"_blank\" rel=\"noopener noreferrer\">Politique de Google Analytics<\/a><br \/>\n&#8211;\u00a0 _gat_ (Analytique): Dur\u00e9e 1 minute.\u00a0 Utilisation: Utilis\u00e9 pour limiter le pourcentage de requ\u00eate. <a href=\"https:\/\/developers.google.com\/analytics\/devguides\/collection\/analyticsjs\/cookie-usage\" target=\"_blank\" rel=\"noopener noreferrer\">Politique de Google Analytics<\/a><br \/>\n&#8211;\u00a0 _nmstat (Analytique) : Dur\u00e9e 1000 jours. Utilisation: Permet d\u2019identifier anonymement des utilisateurs. <a href=\"https:\/\/support.siteimprove.com\/hc\/en-gb\/articles\/115000070092-Analytics-Technical-Specifications\" target=\"_blank\" rel=\"noopener noreferrer\">Politique de Siteimprove<\/a><br \/>\n&#8211;\u00a0 JSESSIONID (Gestionnaire de contenu): Dur\u00e9e : Dur\u00e9e de la session web. Utilisation: Permet de stocker un identifiant unique par session afin de relier les donn\u00e9es n\u00e9cessaires pour rendre possible la navigation en cours.<\/p>\n<p>Ce site web utilise aussi ses propres cookies, destin\u00e9s \u00e0 compiler des informations sur la navigation des utilisateurs sur le site, de fa\u00e7on enti\u00e8rement anonyme et dissoci\u00e9e, avec des finalit\u00e9s strictement statistiques et d\u2019am\u00e9lioration de sa fonctionnalit\u00e9, et dont l\u2019utilisation nous permet de :<\/p>\n<ul>\n<li>Conna\u00eetre le nombre de visiteurs du portail de \u00ab VINS PRAVI SL \u00bb<\/li>\n<li>Comptabiliser le nombre de visites de chacune des diff\u00e9rentes pages de ce portail ;<\/li>\n<li>Conna\u00eetre l\u2019activit\u00e9 sur le portail afin d\u2019identifier les probl\u00e8mes et les am\u00e9liorations de la navigation.<\/li>\n<\/ul>\n<p>Vous pouvez d\u00e9sactiver l\u2019utilisation de cookies \u00e0 tout moment en modifiant les param\u00e8tres de configuration de votre navigateur :<\/p>\n<p>Pour la <a href=\"http:\/\/windows.microsoft.com\/es-es\/windows-vista\/block-or-allow-cookies\">configuration de cookies d\u00b4Internet Explorer<\/a><br \/>\nPour la <a href=\"http:\/\/support.mozilla.org\/es\/kb\/habilitar-y-deshabilitar-cookies-que-los-sitios-we\">configuration de cookies de Firefox<\/a><br \/>\nPour la <a href=\"http:\/\/support.google.com\/chrome\/bin\/answer.py?hl=es&amp;answer=95647\">configuration de cookies de Google Chrome<\/a><br \/>\nPour la <a href=\"http:\/\/support.apple.com\/kb\/HT1677?viewlocale=es_ES&amp;locale=es_ES\">configuration de cookies de Safari<\/a>[\/vc_column_text][vc_column_text]Vous pouvez modifier vos pr\u00e9f\u00e9rences concernant les cookies quand vous le souhaitez en cliquant ici : <a href=\"\/#gdpr_cookie_modal\">Modifier mes pr\u00e9f\u00e9rences<\/a>.[\/vc_column_text][\/vc_column][\/vc_row]<\/p>\n<\/div>","protected":false},"excerpt":{"rendered":"<p>[vc_row css_animation=&#8221;element_from_fade&#8221; row_type=&#8221;row&#8221; use_row_as_full_screen_section=&#8221;no&#8221; type=&#8221;grid&#8221; angled_section=&#8221;no&#8221; text_align=&#8221;center&#8221; background_image_as_pattern=&#8221;without_pattern&#8221; padding_top=&#8221;60&#8243; z_index=&#8221;&#8221;][vc_column][vc_column_text el_class=&#8221;section_title&#8221;] Politique de cookies [\/vc_column_text][\/vc_column][\/vc_row][vc_row css_animation=&#8221;element_from_fade&#8221; row_type=&#8221;row&#8221; use_row_as_full_screen_section=&#8221;no&#8221; type=&#8221;grid&#8221; angled_section=&#8221;no&#8221; text_align=&#8221;left&#8221; background_image_as_pattern=&#8221;without_pattern&#8221; padding_top=&#8221;40&#8243; padding_bottom=&#8221;50&#8243; z_index=&#8221;&#8221;][vc_column][vc_column_text]Information sur les cookies Suite \u00e0 l\u2019entr\u00e9e en vigueur de la modification de la \u00ab Loi (espagnole) sur les services de&#8230;<\/p>\n","protected":false},"author":1,"featured_media":0,"parent":0,"menu_order":0,"comment_status":"closed","ping_status":"closed","template":"full_width.php","meta":{"footnotes":""},"class_list":["post-669","page","type-page","status-publish","hentry"],"_links":{"self":[{"href":"https:\/\/www.vinspravi.es\/fr\/wp-json\/wp\/v2\/pages\/669","targetHints":{"allow":["GET"]}}],"collection":[{"href":"https:\/\/www.vinspravi.es\/fr\/wp-json\/wp\/v2\/pages"}],"about":[{"href":"https:\/\/www.vinspravi.es\/fr\/wp-json\/wp\/v2\/types\/page"}],"author":[{"embeddable":true,"href":"https:\/\/www.vinspravi.es\/fr\/wp-json\/wp\/v2\/users\/1"}],"replies":[{"embeddable":true,"href":"https:\/\/www.vinspravi.es\/fr\/wp-json\/wp\/v2\/comments?post=669"}],"version-history":[{"count":4,"href":"https:\/\/www.vinspravi.es\/fr\/wp-json\/wp\/v2\/pages\/669\/revisions"}],"predecessor-version":[{"id":1286,"href":"https:\/\/www.vinspravi.es\/fr\/wp-json\/wp\/v2\/pages\/669\/revisions\/1286"}],"wp:attachment":[{"href":"https:\/\/www.vinspravi.es\/fr\/wp-json\/wp\/v2\/media?parent=669"}],"curies":[{"name":"wp","href":"https:\/\/api.w.org\/{rel}","templated":true}]}}