{"id":571,"date":"2018-06-23T15:12:14","date_gmt":"2018-06-23T13:12:14","guid":{"rendered":"http:\/\/www.vinspravi.es\/almacen\/"},"modified":"2019-10-02T18:47:48","modified_gmt":"2019-10-02T16:47:48","slug":"magasin","status":"publish","type":"page","link":"https:\/\/www.vinspravi.es\/fr\/magasin\/","title":{"rendered":"Magasin"},"content":{"rendered":"<div class=\"wpb-content-wrapper\"><p>[vc_row css_animation=&#8221;element_from_fade&#8221; row_type=&#8221;row&#8221; use_row_as_full_screen_section=&#8221;no&#8221; type=&#8221;grid&#8221; angled_section=&#8221;no&#8221; text_align=&#8221;left&#8221; background_image_as_pattern=&#8221;without_pattern&#8221; padding_top=&#8221;40&#8243; padding_bottom=&#8221;40&#8243; z_index=&#8221;&#8221;][vc_column][vc_column_text el_class=&#8221;section_title&#8221;]<\/p>\n<h1 style=\"text-align: center;\">Cal Pravi, magasin de vins, cavas, liqueurs et boissons \u00e0 Manresa depuis 1964<\/h1>\n<p style=\"text-align: center;\">Magasin de vente de vin en diff\u00e9rents formats, autres boissons et rafraichissements aux particuliers<\/p>\n<p>[\/vc_column_text][\/vc_column][\/vc_row][vc_row css_animation=&#8221;element_from_fade&#8221; row_type=&#8221;row&#8221; use_row_as_full_screen_section=&#8221;no&#8221; type=&#8221;grid&#8221; angled_section=&#8221;no&#8221; text_align=&#8221;left&#8221; background_image_as_pattern=&#8221;without_pattern&#8221; padding_bottom=&#8221;70&#8243; z_index=&#8221;&#8221;][vc_column width=&#8221;1\/2&#8243; el_class=&#8221;col-more-sep&#8221;][vc_column_text]Notre boutique\/magasin, situ\u00e9e \u00e0 Manresa, est destin\u00e9e \u00e0 la vente de nos vins aux particuliers. Vous y trouverez nos c\u00e9l\u00e8bres vins classiques et vins de liqueur, aussi bien au d\u00e9tail que mis en bouteille en diff\u00e9rents formats.<\/p>\n<p>\u00ab CAL PRAVI \u00bb est le nom avec lequel nos voisins et clients habituels connaissent notre magasin depuis plus de 50 ans. Les grands-parents et les parents de nombreuses personnes aujourd\u2019hui de Manresa et du d\u00e9partement achetaient d\u00e9j\u00e0 dans notre magasin le vin classique au d\u00e9tail pour les repas de chaque jour, de famille et pris avec le petit porr\u00f3n de vin \u00e0 table. Qui n\u2019a pas entendu parler du c\u00e9l\u00e8bre go\u00fbter compos\u00e9 de pain, de vin et de sucre ? Ou bien du vin muscat accompagn\u00e9 de galettes pour le dessert ?[\/vc_column_text][vc_separator type=&#8221;transparent&#8221; up=&#8221;40&#8243;][vc_single_image image=&#8221;806&#8243; img_size=&#8221;full&#8221; alignment=&#8221;center&#8221; qode_css_animation=&#8221;&#8221;][vc_separator type=&#8221;transparent&#8221; up=&#8221;40&#8243;][\/vc_column][vc_column width=&#8221;1\/2&#8243; el_class=&#8221;col-more-sep&#8221;][vc_single_image image=&#8221;810&#8243; img_size=&#8221;full&#8221; alignment=&#8221;center&#8221; qode_css_animation=&#8221;&#8221;][vc_separator type=&#8221;transparent&#8221; up=&#8221;40&#8243;][vc_column_text]Cr\u00e9\u00e9 en 1961, le magasin a conserv\u00e9 l\u2019aspect du cellier d\u2019origine. Avec le temps et \u00e0 la demande de nos clients, nous avons \u00e9largi notre gamme de boissons : liqueurs, cavas, rafraichissements, vinaigres, huile, eaux, etc. et derni\u00e8rement des vins au d\u00e9tail sp\u00e9ciaux, vari\u00e9taux ou provenant d\u2019endroits reconnus de Catalogne et d\u2019Espagne.<\/p>\n<p>Actuellement, les nouvelles g\u00e9n\u00e9rations red\u00e9couvrent les vins classiques, aux \u00e9laborations simples, meilleurs march\u00e9, mais tr\u00e8s dignes, ainsi que de nouveaux vins, aux \u00e9laborations plus complexes, vari\u00e9taux et provenant d\u2019endroits reconnus. Elles sont finalement \u00e0 nouveau int\u00e9ress\u00e9es par le vin, une boisson naturelle mill\u00e9naire, qui est la n\u00f4tre, m\u00e9diterran\u00e9enne, et qui prise avec mod\u00e9ration, nous apporte des bienfaits physiques et nous ouvre les portes des relations sociales.[\/vc_column_text][\/vc_column][\/vc_row][vc_row css_animation=&#8221;element_from_fade&#8221; row_type=&#8221;row&#8221; use_row_as_full_screen_section=&#8221;no&#8221; type=&#8221;grid&#8221; angled_section=&#8221;no&#8221; text_align=&#8221;center&#8221; background_image_as_pattern=&#8221;without_pattern&#8221; padding_top=&#8221;0&#8243; z_index=&#8221;&#8221;][vc_column][vc_column_text el_class=&#8221;section_title&#8221;]<\/p>\n<h2 style=\"text-align: center;\">Actualit\u00e9<\/h2>\n<p>[\/vc_column_text]\n<div class='latest_post_holder boxes three_columns one_row' >\n    <ul>\n        <\/ul>\n<\/div>[\/vc_column][\/vc_row]<\/p>\n<\/div>","protected":false},"excerpt":{"rendered":"<p>[vc_row css_animation=&#8221;element_from_fade&#8221; row_type=&#8221;row&#8221; use_row_as_full_screen_section=&#8221;no&#8221; type=&#8221;grid&#8221; angled_section=&#8221;no&#8221; text_align=&#8221;left&#8221; background_image_as_pattern=&#8221;without_pattern&#8221; padding_top=&#8221;40&#8243; padding_bottom=&#8221;40&#8243; z_index=&#8221;&#8221;][vc_column][vc_column_text el_class=&#8221;section_title&#8221;] Cal Pravi, magasin de vins, cavas, liqueurs et boissons \u00e0 Manresa depuis 1964 Magasin de vente de vin en diff\u00e9rents formats, autres boissons et rafraichissements aux particuliers [\/vc_column_text][\/vc_column][\/vc_row][vc_row css_animation=&#8221;element_from_fade&#8221; row_type=&#8221;row&#8221; use_row_as_full_screen_section=&#8221;no&#8221; type=&#8221;grid&#8221; angled_section=&#8221;no&#8221;&#8230;<\/p>\n","protected":false},"author":1,"featured_media":0,"parent":0,"menu_order":0,"comment_status":"closed","ping_status":"closed","template":"full_width.php","meta":{"footnotes":""},"class_list":["post-571","page","type-page","status-publish","hentry"],"_links":{"self":[{"href":"https:\/\/www.vinspravi.es\/fr\/wp-json\/wp\/v2\/pages\/571","targetHints":{"allow":["GET"]}}],"collection":[{"href":"https:\/\/www.vinspravi.es\/fr\/wp-json\/wp\/v2\/pages"}],"about":[{"href":"https:\/\/www.vinspravi.es\/fr\/wp-json\/wp\/v2\/types\/page"}],"author":[{"embeddable":true,"href":"https:\/\/www.vinspravi.es\/fr\/wp-json\/wp\/v2\/users\/1"}],"replies":[{"embeddable":true,"href":"https:\/\/www.vinspravi.es\/fr\/wp-json\/wp\/v2\/comments?post=571"}],"version-history":[{"count":5,"href":"https:\/\/www.vinspravi.es\/fr\/wp-json\/wp\/v2\/pages\/571\/revisions"}],"predecessor-version":[{"id":1093,"href":"https:\/\/www.vinspravi.es\/fr\/wp-json\/wp\/v2\/pages\/571\/revisions\/1093"}],"wp:attachment":[{"href":"https:\/\/www.vinspravi.es\/fr\/wp-json\/wp\/v2\/media?parent=571"}],"curies":[{"name":"wp","href":"https:\/\/api.w.org\/{rel}","templated":true}]}}