{"id":563,"date":"2018-06-17T11:53:29","date_gmt":"2018-06-17T09:53:29","guid":{"rendered":"http:\/\/www.vinspravi.es\/inicio\/"},"modified":"2019-01-23T18:35:52","modified_gmt":"2019-01-23T17:35:52","slug":"inicio","status":"publish","type":"page","link":"https:\/\/www.vinspravi.es\/fr\/","title":{"rendered":"Accueil"},"content":{"rendered":"<div class=\"wpb-content-wrapper\"><p>[vc_row css_animation=&#8221;&#8221; row_type=&#8221;row&#8221; use_row_as_full_screen_section=&#8221;no&#8221; type=&#8221;full_width&#8221; angled_section=&#8221;no&#8221; text_align=&#8221;left&#8221; background_image_as_pattern=&#8221;without_pattern&#8221;][vc_column][rev_slider_vc alias=&#8221;homefr&#8221;][\/vc_column][\/vc_row][vc_row css_animation=&#8221;element_from_fade&#8221; row_type=&#8221;row&#8221; use_row_as_full_screen_section=&#8221;no&#8221; type=&#8221;grid&#8221; angled_section=&#8221;no&#8221; text_align=&#8221;left&#8221; background_image_as_pattern=&#8221;without_pattern&#8221; background_color=&#8221;#5e5e5e&#8221; padding_top=&#8221;10&#8243; z_index=&#8221;&#8221; el_class=&#8221;home_icons&#8221;][vc_column width=&#8221;1\/3&#8243;]<div class=\"image_with_text\"><img decoding=\"async\" itemprop=\"image\" src=\"https:\/\/www.vinspravi.es\/wp-content\/uploads\/2018\/06\/diferentes_formats-1.png\" alt=\"VENTE EN DIFF\u00c9RENTS FORMATS DANS NOTRE MAGASIN\" \/><h6 >VENTE EN DIFF\u00c9RENTS FORMATS DANS NOTRE MAGASIN<\/h6><span style=\"margin: 6px 0px;\" class=\"separator transparent\"><\/span><\/div>[\/vc_column][vc_column width=&#8221;1\/3&#8243;]<div class=\"image_with_text\"><img decoding=\"async\" itemprop=\"image\" src=\"https:\/\/www.vinspravi.es\/wp-content\/uploads\/2018\/06\/engros-1.png\" alt=\"VENTE EN GROS POUR LES RESTAURANTS ET LES \u00c9TABLISSEMENTS\" \/><h6 >VENTE EN GROS POUR LES RESTAURANTS ET LES \u00c9TABLISSEMENTS<\/h6><span style=\"margin: 6px 0px;\" class=\"separator transparent\"><\/span><\/div>[\/vc_column][vc_column width=&#8221;1\/3&#8243;]<div class=\"image_with_text\"><img decoding=\"async\" itemprop=\"image\" src=\"https:\/\/www.vinspravi.es\/wp-content\/uploads\/2018\/06\/etiquetes-1.png\" alt=\"\u00c9LABORATION D'\u00c9TIQUETTES PERSONNALIS\u00c9ES POUR LES RESTAURANTS\" \/><h6 >\u00c9LABORATION D'\u00c9TIQUETTES PERSONNALIS\u00c9ES POUR LES RESTAURANTS<\/h6><span style=\"margin: 6px 0px;\" class=\"separator transparent\"><\/span><\/div>[\/vc_column][\/vc_row][vc_row css_animation=&#8221;element_from_fade&#8221; row_type=&#8221;row&#8221; use_row_as_full_screen_section=&#8221;no&#8221; type=&#8221;grid&#8221; angled_section=&#8221;no&#8221; text_align=&#8221;center&#8221; background_image_as_pattern=&#8221;without_pattern&#8221; background_color=&#8221;#f7f6f6&#8243; z_index=&#8221;&#8221; el_class=&#8221;home_icons_icon&#8221;][vc_column][vc_single_image image=&#8221;38&#8243; img_size=&#8221;full&#8221; alignment=&#8221;center&#8221; qode_css_animation=&#8221;&#8221;][\/vc_column][\/vc_row][vc_row css_animation=&#8221;element_from_fade&#8221; row_type=&#8221;row&#8221; use_row_as_full_screen_section=&#8221;no&#8221; type=&#8221;grid&#8221; angled_section=&#8221;no&#8221; text_align=&#8221;center&#8221; background_image_as_pattern=&#8221;without_pattern&#8221; background_color=&#8221;#f7f6f6&#8243; padding_top=&#8221;40&#8243; padding_bottom=&#8221;70&#8243; z_index=&#8221;&#8221;][vc_column][vc_column_text el_class=&#8221;section_title&#8221;]<\/p>\n<h1 style=\"text-align: center;\">Vins Pravi, nous s\u00e9lectionnons, nous mettons en bouteille et nous distribuons du vin<\/h1>\n<p style=\"text-align: center;\">Mise en bouteille, vente et distribution de vin pour les restaurants et les \u00e9tablissements<\/p>\n<p>[\/vc_column_text][vc_row_inner row_type=&#8221;row&#8221; type=&#8221;full_width&#8221; text_align=&#8221;left&#8221; css_animation=&#8221;&#8221; el_class=&#8221;home_intro_wrapper&#8221;][vc_column_inner el_class=&#8221;home_intro&#8221; width=&#8221;2\/3&#8243;][vc_column_text]<\/p>\n<p style=\"text-align: center;\">Nous sommes une entreprise familiale de Manresa, dans le d\u00e9partement du Bages, fond\u00e9e en 1964 par Josep Prat. Notre activit\u00e9 se base sur la mise en bouteille, la vente et la distribution de vin. Vous pourrez trouver dans notre magasin tous nos vins classiques connus et des vins de liqueur, aussi bien au d\u00e9tail que mis en bouteille en diff\u00e9rents formats.<\/p>\n<p style=\"text-align: center;\">Soyez les bienvenus sur notre page web. Pour toute information, n\u2019h\u00e9sitez pas \u00e0 nous contacter. Nous vous souhaitons une excellente visite sur notre site.<\/p>\n<p>[\/vc_column_text][\/vc_column_inner][vc_column_inner width=&#8221;1\/3&#8243;][vc_single_image image=&#8221;42&#8243; img_size=&#8221;full&#8221; alignment=&#8221;center&#8221; qode_css_animation=&#8221;&#8221;][\/vc_column_inner][\/vc_row_inner][\/vc_column][\/vc_row][vc_row css_animation=&#8221;element_from_fade&#8221; row_type=&#8221;row&#8221; use_row_as_full_screen_section=&#8221;no&#8221; type=&#8221;grid&#8221; angled_section=&#8221;no&#8221; text_align=&#8221;center&#8221; background_image_as_pattern=&#8221;without_pattern&#8221; padding_top=&#8221;40&#8243; z_index=&#8221;&#8221;][vc_column][vc_column_text el_class=&#8221;section_title&#8221;]<\/p>\n<h2 style=\"text-align: center;\">Notre s\u00e9lection de produits<\/h2>\n<p>[\/vc_column_text][vc_row_inner row_type=&#8221;row&#8221; type=&#8221;full_width&#8221; text_align=&#8221;left&#8221; css_animation=&#8221;&#8221; el_class=&#8221;home_productos&#8221;][vc_column_inner width=&#8221;1\/3&#8243;][vc_single_image image=&#8221;397&#8243; img_size=&#8221;full&#8221; alignment=&#8221;center&#8221; onclick=&#8221;custom_link&#8221; qode_css_animation=&#8221;&#8221; link=&#8221;https:\/\/www.vinspravi.es\/productos\/gran-pravi-tinto\/&#8221;][vc_separator type=&#8221;transparent&#8221; up=&#8221;40&#8243;][\/vc_column_inner][vc_column_inner width=&#8221;1\/3&#8243;][vc_single_image image=&#8221;398&#8243; img_size=&#8221;full&#8221; alignment=&#8221;center&#8221; onclick=&#8221;custom_link&#8221; qode_css_animation=&#8221;&#8221; link=&#8221;https:\/\/www.vinspravi.es\/productos\/heretat-comtal-catalunya-d-o-negre\/&#8221;][vc_separator type=&#8221;transparent&#8221; up=&#8221;40&#8243;][\/vc_column_inner][vc_column_inner width=&#8221;1\/3&#8243;][vc_single_image image=&#8221;399&#8243; img_size=&#8221;full&#8221; alignment=&#8221;center&#8221; onclick=&#8221;custom_link&#8221; qode_css_animation=&#8221;&#8221; link=&#8221;https:\/\/www.vinspravi.es\/ca\/productos\/vinya-del-pont-negre\/&#8221;][vc_separator type=&#8221;transparent&#8221; up=&#8221;40&#8243;][\/vc_column_inner][\/vc_row_inner][\/vc_column][\/vc_row][vc_row css_animation=&#8221;element_from_fade&#8221; row_type=&#8221;row&#8221; use_row_as_full_screen_section=&#8221;no&#8221; type=&#8221;grid&#8221; angled_section=&#8221;no&#8221; text_align=&#8221;center&#8221; background_image=&#8221;705&#8243; background_image_as_pattern=&#8221;without_pattern&#8221; el_class=&#8221;home_visitans&#8221; z_index=&#8221;&#8221;][vc_column][vc_column_text]<\/p>\n<h3 style=\"text-align: center;\">Venez visiter notre magasin de Manresa.<\/h3>\n<p style=\"text-align: center;\">Nous pourrons vous offrir nos produits au d\u00e9tail ou en diff\u00e9rents formats:<br \/>\nsp\u00e9ciaux de Catalogne, Montsant, Empord\u00e0, Terra Alta et d\u00b4autres r\u00e9gions comme Logro\u00f1o, Valladolid et Aragon, ainsi que d\u2019excellents vins g\u00e9n\u00e9reux tels que le muscat, la mistelle, le vin rancio, le vin de messe\u2026 aussi au d\u00e9tail !<\/p>\n<p>[\/vc_column_text][\/vc_column][\/vc_row][vc_row css_animation=&#8221;element_from_fade&#8221; row_type=&#8221;row&#8221; use_row_as_full_screen_section=&#8221;no&#8221; type=&#8221;grid&#8221; angled_section=&#8221;no&#8221; text_align=&#8221;center&#8221; background_image_as_pattern=&#8221;without_pattern&#8221; padding_top=&#8221;40&#8243; z_index=&#8221;&#8221;][vc_column][vc_column_text el_class=&#8221;section_title&#8221;]<\/p>\n<h2 style=\"text-align: center;\">Actualit\u00e9<\/h2>\n<p>[\/vc_column_text]\n<div class='latest_post_holder boxes three_columns one_row' >\n    <ul>\n    \n        <li class=\"clearfix\">\n            <div class=\"boxes_image\">\n                <a itemprop=\"url\" href=\"https:\/\/www.vinspravi.es\/fr\/le-porron\/\"><img loading=\"lazy\" decoding=\"async\" width=\"539\" height=\"303\" src=\"https:\/\/www.vinspravi.es\/wp-content\/uploads\/2018\/06\/El-PorroCat-539x303.jpg\" class=\"attachment-latest_post_boxes size-latest_post_boxes wp-post-image\" alt=\"El PorroCat\" srcset=\"https:\/\/www.vinspravi.es\/wp-content\/uploads\/2018\/06\/El-PorroCat-539x303.jpg 539w, https:\/\/www.vinspravi.es\/wp-content\/uploads\/2018\/06\/El-PorroCat-64x36.jpg 64w, https:\/\/www.vinspravi.es\/wp-content\/uploads\/2018\/06\/El-PorroCat-300x169.jpg 300w, https:\/\/www.vinspravi.es\/wp-content\/uploads\/2018\/06\/El-PorroCat.jpg 560w\" sizes=\"auto, (max-width: 539px) 100vw, 539px\" \/><\/a>\n            <\/div>\n            <div class=\"latest_post\"  >\n                <div class=\"latest_post_text\">\n                    <div class=\"latest_post_inner\">\n                        <div class=\"latest_post_text_inner\">\n                                                         <div class=\"date_hour_holder\">\n                                    <span itemprop=\"dateCreated\" class=\"date entry_date updated\">20\/12\/2018 <meta itemprop=\"interactionCount\" content=\"UserComments: 0\"\/><\/span>\n                                <\/div>\n                                                        <h5 itemprop=\"name\" class=\"latest_post_title entry_title\"><a itemprop=\"url\" href=\"https:\/\/www.vinspravi.es\/fr\/le-porron\/\">Le porr\u00f3n<\/a><\/h5>\n                            <p itemprop=\"description\" class=\"excerpt\">Un porr\u00f3n est un r\u00e9cipient en verre destin\u00e9 \u00e0 contenir et \u00e0 servir un liquide, normalement du vin. Il poss\u00e8de deux ouvertures en forme de bec : l\u2019une qui est importante et traditio...<\/p>\n                            <div class=\"read_more_wrapper\">\n                                <a itemprop=\"url\" class=\"read_more\" href=\"https:\/\/www.vinspravi.es\/fr\/le-porron\/\">Read more<\/a>\n                            <\/div>\n                            <span class=\"post_infos\">\n                                \n                                                                \n                                \n                                \n                                \n                            <\/span>\n                        <\/div>\n                    <\/div>\n                <\/div>\n            <\/div>\n        <\/li>\n        <\/ul>\n<\/div>[\/vc_column][\/vc_row]<\/p>\n<\/div>","protected":false},"excerpt":{"rendered":"<p>[vc_row css_animation=&#8221;&#8221; row_type=&#8221;row&#8221; use_row_as_full_screen_section=&#8221;no&#8221; type=&#8221;full_width&#8221; angled_section=&#8221;no&#8221; text_align=&#8221;left&#8221; background_image_as_pattern=&#8221;without_pattern&#8221;][vc_column][rev_slider_vc alias=&#8221;homefr&#8221;][\/vc_column][\/vc_row][vc_row css_animation=&#8221;element_from_fade&#8221; row_type=&#8221;row&#8221; use_row_as_full_screen_section=&#8221;no&#8221; type=&#8221;grid&#8221; angled_section=&#8221;no&#8221; text_align=&#8221;left&#8221; background_image_as_pattern=&#8221;without_pattern&#8221; background_color=&#8221;#5e5e5e&#8221; padding_top=&#8221;10&#8243; z_index=&#8221;&#8221; el_class=&#8221;home_icons&#8221;][vc_column width=&#8221;1\/3&#8243;][\/vc_column][vc_column width=&#8221;1\/3&#8243;][\/vc_column][vc_column width=&#8221;1\/3&#8243;][\/vc_column][\/vc_row][vc_row css_animation=&#8221;element_from_fade&#8221; row_type=&#8221;row&#8221; use_row_as_full_screen_section=&#8221;no&#8221; type=&#8221;grid&#8221; angled_section=&#8221;no&#8221; text_align=&#8221;center&#8221; background_image_as_pattern=&#8221;without_pattern&#8221; background_color=&#8221;#f7f6f6&#8243; z_index=&#8221;&#8221; el_class=&#8221;home_icons_icon&#8221;][vc_column][vc_single_image image=&#8221;38&#8243; img_size=&#8221;full&#8221; alignment=&#8221;center&#8221; qode_css_animation=&#8221;&#8221;][\/vc_column][\/vc_row][vc_row css_animation=&#8221;element_from_fade&#8221; row_type=&#8221;row&#8221; use_row_as_full_screen_section=&#8221;no&#8221; type=&#8221;grid&#8221; angled_section=&#8221;no&#8221; text_align=&#8221;center&#8221; background_image_as_pattern=&#8221;without_pattern&#8221; background_color=&#8221;#f7f6f6&#8243;&#8230;<\/p>\n","protected":false},"author":1,"featured_media":0,"parent":0,"menu_order":0,"comment_status":"closed","ping_status":"closed","template":"full_width.php","meta":{"footnotes":""},"class_list":["post-563","page","type-page","status-publish","hentry"],"_links":{"self":[{"href":"https:\/\/www.vinspravi.es\/fr\/wp-json\/wp\/v2\/pages\/563","targetHints":{"allow":["GET"]}}],"collection":[{"href":"https:\/\/www.vinspravi.es\/fr\/wp-json\/wp\/v2\/pages"}],"about":[{"href":"https:\/\/www.vinspravi.es\/fr\/wp-json\/wp\/v2\/types\/page"}],"author":[{"embeddable":true,"href":"https:\/\/www.vinspravi.es\/fr\/wp-json\/wp\/v2\/users\/1"}],"replies":[{"embeddable":true,"href":"https:\/\/www.vinspravi.es\/fr\/wp-json\/wp\/v2\/comments?post=563"}],"version-history":[{"count":5,"href":"https:\/\/www.vinspravi.es\/fr\/wp-json\/wp\/v2\/pages\/563\/revisions"}],"predecessor-version":[{"id":1038,"href":"https:\/\/www.vinspravi.es\/fr\/wp-json\/wp\/v2\/pages\/563\/revisions\/1038"}],"wp:attachment":[{"href":"https:\/\/www.vinspravi.es\/fr\/wp-json\/wp\/v2\/media?parent=563"}],"curies":[{"name":"wp","href":"https:\/\/api.w.org\/{rel}","templated":true}]}}