{"id":1370,"date":"2021-07-02T12:40:05","date_gmt":"2021-07-02T10:40:05","guid":{"rendered":"https:\/\/www.vinspravi.es\/?post_type=product&#038;p=1370"},"modified":"2021-07-02T13:36:12","modified_gmt":"2021-07-02T11:36:12","slug":"zumo-de-manzana-mooma-box-3l","status":"publish","type":"product","link":"https:\/\/www.vinspravi.es\/en\/producto\/zumo-de-manzana-mooma-box-3l\/","title":{"rendered":"Zumo de manzana Mooma Box 3L"},"content":{"rendered":"<p>Zumo de manzana monovariedad Royal Gala 100% natural. Elaborado \u00edntegramente con manzanas del Empord\u00e0, la excelencia del producto radica en el hecho de que la fruta es recolectada en su punto \u00f3ptimo. Sin az\u00facares, agua, conservantes ni colorantes a\u00f1adidos. El bag in box es un envase sostenible que permite una dosificaci\u00f3n muy c\u00f3moda. El hecho que est\u00e9 envasado al vac\u00edo alarga su vida considerablemente. Sus medidas permiten almacenarlo c\u00f3modamente en el frigor\u00edfico.<\/p>\n","protected":false},"excerpt":{"rendered":"<p>Zumo de manzana Mooma Box 3L<\/p>\n","protected":false},"featured_media":1371,"template":"","meta":[],"product_brand":[],"product_cat":[94],"product_tag":[],"class_list":{"0":"post-1370","1":"product","2":"type-product","3":"status-publish","4":"has-post-thumbnail","6":"product_cat-otros-2","8":"first","9":"instock","10":"taxable","11":"shipping-taxable","12":"purchasable","13":"product-type-simple"},"_links":{"self":[{"href":"https:\/\/www.vinspravi.es\/en\/wp-json\/wp\/v2\/product\/1370","targetHints":{"allow":["GET"]}}],"collection":[{"href":"https:\/\/www.vinspravi.es\/en\/wp-json\/wp\/v2\/product"}],"about":[{"href":"https:\/\/www.vinspravi.es\/en\/wp-json\/wp\/v2\/types\/product"}],"wp:featuredmedia":[{"embeddable":true,"href":"https:\/\/www.vinspravi.es\/en\/wp-json\/wp\/v2\/media\/1371"}],"wp:attachment":[{"href":"https:\/\/www.vinspravi.es\/en\/wp-json\/wp\/v2\/media?parent=1370"}],"wp:term":[{"taxonomy":"product_brand","embeddable":true,"href":"https:\/\/www.vinspravi.es\/en\/wp-json\/wp\/v2\/product_brand?post=1370"},{"taxonomy":"product_cat","embeddable":true,"href":"https:\/\/www.vinspravi.es\/en\/wp-json\/wp\/v2\/product_cat?post=1370"},{"taxonomy":"product_tag","embeddable":true,"href":"https:\/\/www.vinspravi.es\/en\/wp-json\/wp\/v2\/product_tag?post=1370"}],"curies":[{"name":"wp","href":"https:\/\/api.w.org\/{rel}","templated":true}]}}