{"id":1350,"date":"2021-05-14T16:51:12","date_gmt":"2021-05-14T14:51:12","guid":{"rendered":"https:\/\/www.vinspravi.es\/producto\/hoodie-with-logo\/"},"modified":"2021-07-02T13:51:30","modified_gmt":"2021-07-02T11:51:30","slug":"ratafia-lermita","status":"publish","type":"product","link":"https:\/\/www.vinspravi.es\/en\/producto\/ratafia-lermita\/","title":{"rendered":"Ratafia L&#8217;Ermit\u00e0"},"content":{"rendered":"<p>La Ratafia de l&#8217;Ermit\u00e0 dels Pirineus es una ratafia hecha a partir de una receta de finales del SXVIII, localizada en los archivos de los Capuchinos por Fra Valet\u00ed Serra de Manresa, extraordinario estudioso y conocedor de las plantas medicinales, hierbas y especies y sus aplicaciones medicinales y culinarias. Es, posiblemente, la receta de ratafia catalana m\u00e1s antigua encontrada hasta el momento. Est\u00e1 elaborada por la maceraci\u00f3n en aguardiente de vino de las 17 plantas arom\u00e1ticas y frutas que componen la receta original. Su graduaci\u00f3n alcoh\u00f3lica es de 26% vol de alcohol y su contenido en az\u00facar de 250 gramos por litro.<\/p>\n","protected":false},"excerpt":{"rendered":"<p>Ratafia de l\u2019Ermit\u00e0 dels Pirineus<\/p>\n","protected":false},"featured_media":1361,"template":"","meta":[],"product_brand":[],"product_cat":[90],"product_tag":[],"class_list":{"0":"post-1350","1":"product","2":"type-product","3":"status-publish","4":"has-post-thumbnail","6":"product_cat-licores","8":"first","9":"instock","10":"taxable","11":"shipping-taxable","12":"purchasable","13":"product-type-simple"},"_links":{"self":[{"href":"https:\/\/www.vinspravi.es\/en\/wp-json\/wp\/v2\/product\/1350","targetHints":{"allow":["GET"]}}],"collection":[{"href":"https:\/\/www.vinspravi.es\/en\/wp-json\/wp\/v2\/product"}],"about":[{"href":"https:\/\/www.vinspravi.es\/en\/wp-json\/wp\/v2\/types\/product"}],"wp:featuredmedia":[{"embeddable":true,"href":"https:\/\/www.vinspravi.es\/en\/wp-json\/wp\/v2\/media\/1361"}],"wp:attachment":[{"href":"https:\/\/www.vinspravi.es\/en\/wp-json\/wp\/v2\/media?parent=1350"}],"wp:term":[{"taxonomy":"product_brand","embeddable":true,"href":"https:\/\/www.vinspravi.es\/en\/wp-json\/wp\/v2\/product_brand?post=1350"},{"taxonomy":"product_cat","embeddable":true,"href":"https:\/\/www.vinspravi.es\/en\/wp-json\/wp\/v2\/product_cat?post=1350"},{"taxonomy":"product_tag","embeddable":true,"href":"https:\/\/www.vinspravi.es\/en\/wp-json\/wp\/v2\/product_tag?post=1350"}],"curies":[{"name":"wp","href":"https:\/\/api.w.org\/{rel}","templated":true}]}}