{"id":1416,"date":"2021-07-02T12:40:05","date_gmt":"2021-07-02T10:40:05","guid":{"rendered":"https:\/\/www.vinspravi.es\/producto\/suc-de-poma-mooma-box-3l\/"},"modified":"2021-07-02T12:40:05","modified_gmt":"2021-07-02T10:40:05","slug":"suc-de-poma-mooma-box-3l","status":"publish","type":"product","link":"https:\/\/www.vinspravi.es\/ca\/producto\/suc-de-poma-mooma-box-3l\/","title":{"rendered":"Suc de poma Mooma Box 3L"},"content":{"rendered":"<p>Suc de poma monovarietat\u00a0Royal Gala\u00a0100% natural.\u00a0Elaborat \u00edntegrament amb pomes de l\u2019Empord\u00e0, l\u2019excel\u00b7l\u00e8ncia del producte radica en el fet que la fruita \u00e9s collida en el seu punt \u00f2ptim. Sense sucres, aigua, conservants ni colorants afegits. El bag in box \u00e9s un env\u00e0s sostenible que permet una dosificaci\u00f3 molt c\u00f2moda. El fet que estigui envasat al buit allarga la seva vida considerablement. Les seves mesures possibiliten emmagatzemar-lo c\u00f2modament al frigor\u00edfic.<\/p>\n","protected":false},"excerpt":{"rendered":"<p>Suc de poma Mooma Box 3L<\/p>\n","protected":false},"featured_media":1372,"template":"","meta":[],"product_brand":[],"product_cat":[115],"product_tag":[],"class_list":{"0":"post-1416","1":"product","2":"type-product","3":"status-publish","4":"has-post-thumbnail","6":"product_cat-altres-2","8":"first","9":"instock","10":"taxable","11":"shipping-taxable","12":"purchasable","13":"product-type-simple"},"_links":{"self":[{"href":"https:\/\/www.vinspravi.es\/ca\/wp-json\/wp\/v2\/product\/1416","targetHints":{"allow":["GET"]}}],"collection":[{"href":"https:\/\/www.vinspravi.es\/ca\/wp-json\/wp\/v2\/product"}],"about":[{"href":"https:\/\/www.vinspravi.es\/ca\/wp-json\/wp\/v2\/types\/product"}],"wp:featuredmedia":[{"embeddable":true,"href":"https:\/\/www.vinspravi.es\/ca\/wp-json\/wp\/v2\/media\/1372"}],"wp:attachment":[{"href":"https:\/\/www.vinspravi.es\/ca\/wp-json\/wp\/v2\/media?parent=1416"}],"wp:term":[{"taxonomy":"product_brand","embeddable":true,"href":"https:\/\/www.vinspravi.es\/ca\/wp-json\/wp\/v2\/product_brand?post=1416"},{"taxonomy":"product_cat","embeddable":true,"href":"https:\/\/www.vinspravi.es\/ca\/wp-json\/wp\/v2\/product_cat?post=1416"},{"taxonomy":"product_tag","embeddable":true,"href":"https:\/\/www.vinspravi.es\/ca\/wp-json\/wp\/v2\/product_tag?post=1416"}],"curies":[{"name":"wp","href":"https:\/\/api.w.org\/{rel}","templated":true}]}}