{"id":206,"date":"2018-06-24T21:34:49","date_gmt":"2018-06-24T19:34:49","guid":{"rendered":"http:\/\/www.vinspravi.es\/politica-de-cookies\/"},"modified":"2020-11-25T16:30:58","modified_gmt":"2020-11-25T15:30:58","slug":"politica-de-cookies","status":"publish","type":"page","link":"https:\/\/www.vinspravi.es\/ca\/politica-de-cookies\/","title":{"rendered":"Pol\u00edtica de cookies"},"content":{"rendered":"<div class=\"wpb-content-wrapper\"><p>[vc_row css_animation=&#8221;element_from_fade&#8221; row_type=&#8221;row&#8221; use_row_as_full_screen_section=&#8221;no&#8221; type=&#8221;grid&#8221; angled_section=&#8221;no&#8221; text_align=&#8221;center&#8221; background_image_as_pattern=&#8221;without_pattern&#8221; padding_top=&#8221;60&#8243; z_index=&#8221;&#8221;][vc_column][vc_column_text el_class=&#8221;section_title&#8221;]<\/p>\n<h1 style=\"text-align: center;\">Pol\u00edtica de cookies<\/h1>\n<p>[\/vc_column_text][\/vc_column][\/vc_row][vc_row css_animation=&#8221;element_from_fade&#8221; row_type=&#8221;row&#8221; use_row_as_full_screen_section=&#8221;no&#8221; type=&#8221;grid&#8221; angled_section=&#8221;no&#8221; text_align=&#8221;left&#8221; background_image_as_pattern=&#8221;without_pattern&#8221; padding_top=&#8221;40&#8243; padding_bottom=&#8221;50&#8243; z_index=&#8221;&#8221;][vc_column][vc_column_text]<strong>Informaci\u00f3 sobre cookies<\/strong><br \/>\nA causa de l&#8217; entrada en vigor de la modificaci\u00f3 de la &#8220;Llei de Serveis de la Societat de la Informaci\u00f3&#8221; (LSSICE) establerta pel Reial Decret 13\/2012, \u00e9s d&#8217; obligaci\u00f3 obtenir el consentiment expr\u00e9s de l&#8217; usuari de totes les p\u00e0gines web que fan servir cookies prescindibles, abans que aquest navegui per elles.<\/p>\n<p><strong>Qu\u00e8 s\u00f3n les cookies?<\/strong><br \/>\nLes cookies i altres tecnologies similars com ara local shared objects, flash cookies o p\u00edxels, s\u00f3n eines emprades pels servidors web per a emmagatzemar i recuperar informaci\u00f3 sobre els seus visitants, aix\u00ed com per oferir un correcte funcionament del lloc.<br \/>\nMitjan\u00e7ant l&#8217; \u00fas d&#8217; aquests dispositius es permet al servidor web recordar algunes dades referents a l&#8217; usuari, com les seves prefer\u00e8ncies per a la visualitzaci\u00f3 de les p\u00e0gines d&#8217; aquest servidor, nom i contrasenya, productes que m\u00e9s li interessen, etc.<\/p>\n<p><strong>Cookies acceptades per la normativa i cookies exceptuades<\/strong><br \/>\nSegons la directiva de la UE, les cookies que requereixen el consentiment informat per part de l&#8217; usuari s\u00f3n les cookies d&#8217; anal\u00edtica i les de publicitat i afiliaci\u00f3, quedant exceptuades les de car\u00e0cter t\u00e8cnic i les necess\u00e0ries per al funcionament del lloc web o la prestaci\u00f3 de serveis expressament sol\u00b7licitats per l&#8217; usuari.<\/p>\n<p><strong>Informaci\u00f3 sobre les cookies utilitzades<\/strong><br \/>\nL&#8217; informem que en aquest lloc web s&#8217; utilitzen cookies amb la finalitat d&#8217; executar les comunicacions electr\u00f2niques pr\u00f2pies de la navegaci\u00f3, aix\u00ed com amb la finalitat de prestar o habilitar els serveis o funcionalitats per Vost\u00e8 sol\u00b7licitats. Aquestes cookies:<\/p>\n<p>&#8211; _ga (Anal\u00edtica): Durada 2 anys. \u00das: Serveix per comptar quantes persones visiten el web rastrejant si l\u2019han visitat abans. <a href=\"https:\/\/developers.google.com\/analytics\/devguides\/collection\/analyticsjs\/cookie-usage\" target=\"_blank\" rel=\"noopener noreferrer\">Pol\u00edtica de Google Analytics<\/a><br \/>\n&#8211; _gid (Anal\u00edtica): Durada 24 horas. \u00das: Serveix per comptar quantes persones visiten el web rastrejant si l\u2019han visitat abans. <a href=\"https:\/\/developers.google.com\/analytics\/devguides\/collection\/analyticsjs\/cookie-usage\" target=\"_blank\" rel=\"noopener noreferrer\">Pol\u00edtica de Google Analytics<\/a><br \/>\n&#8211;\u00a0 _gat_ (Anal\u00edtica): Durada 1 minuto.\u00a0 \u00das:S\u2019utilitza per limitar el percentatge de sol\u00b7licituds <a href=\"https:\/\/developers.google.com\/analytics\/devguides\/collection\/analyticsjs\/cookie-usage\" target=\"_blank\" rel=\"noopener noreferrer\">Pol\u00edtica de Google Analytics<\/a><br \/>\n&#8211;\u00a0 _nmstat (Anal\u00edtica) : Durada 1000 dias. \u00das: Serveix per identificar usuaris an\u00f2nimament. <a href=\"https:\/\/support.siteimprove.com\/hc\/en-gb\/articles\/115000070092-Analytics-Technical-Specifications\" target=\"_blank\" rel=\"noopener noreferrer\">Pol\u00edtica de Siteimprove<\/a><br \/>\n&#8211;\u00a0 JSESSIONID (Gestor de contenido): Durada: Duraci\u00f3n de la sesi\u00f3n Web. \u00das: cookies t\u00e8cnica utilitzada per servidors d&#8217;aplicacions Java com Tomcat, per mantenir i identificar la sessi\u00f3 de l&#8217;usuari.<\/p>\n<p>Aquest lloc web tamb\u00e9 utilitza cookies pr\u00f2pies, destinades a recopilar informaci\u00f3 sobre la navegaci\u00f3 dels usuaris en el lloc, de forma totalment an\u00f2nima i dissociada, amb finalitats estrictament estad\u00edstiques i de millora de la seva funcionalitat, l&#8217; \u00fas ens permet:<\/p>\n<ul>\n<li>Con\u00e8ixer el nombre de visitants del portal de &#8221; VINS PRAVI SL&#8221;<\/li>\n<li>Comptabilitzar el nombre de visites en cadascuna de les diferents p\u00e0gines d&#8217; aquest portal<\/li>\n<li>Con\u00e8ixer l&#8217; activitat al portal per a la identificaci\u00f3 de problemes i millores en la navegaci\u00f3<\/li>\n<\/ul>\n<p>Vost\u00e8 pot desactivar l&#8217; \u00fas de cookies en qualsevol moment mitjan\u00e7ant la modificaci\u00f3 dels par\u00e0metres de configuraci\u00f3 del seu navegador:<\/p>\n<p>Per la <a href=\"http:\/\/windows.microsoft.com\/es-es\/windows-vista\/block-or-allow-cookies\">configuraci\u00f3 de cookies d\u00b4Internet Explorer<\/a><br \/>\nPer la <a href=\"http:\/\/support.mozilla.org\/es\/kb\/habilitar-y-deshabilitar-cookies-que-los-sitios-we\">configuraci\u00f3 de cookies de Firefox<\/a><br \/>\nPer la <a href=\"http:\/\/support.google.com\/chrome\/bin\/answer.py?hl=es&amp;answer=95647\">configuraci\u00f3 de cookies de Google Chrome<\/a><br \/>\nPer la <a href=\"http:\/\/support.apple.com\/kb\/HT1677?viewlocale=es_ES&amp;locale=es_ES\">configuraci\u00f3 de cookies de Safari<\/a>[\/vc_column_text][vc_column_text]Sempre que ho desitgis, pots canviar les teves prefer\u00e8ncies respecte les cookies aqu\u00ed: <a href=\"\/#gdpr_cookie_modal\">Canviar les meves prefer\u00e8ncies<\/a>.[\/vc_column_text][\/vc_column][\/vc_row]<\/p>\n<\/div>","protected":false},"excerpt":{"rendered":"<p>[vc_row css_animation=&#8221;element_from_fade&#8221; row_type=&#8221;row&#8221; use_row_as_full_screen_section=&#8221;no&#8221; type=&#8221;grid&#8221; angled_section=&#8221;no&#8221; text_align=&#8221;center&#8221; background_image_as_pattern=&#8221;without_pattern&#8221; padding_top=&#8221;60&#8243; z_index=&#8221;&#8221;][vc_column][vc_column_text el_class=&#8221;section_title&#8221;] Pol\u00edtica de cookies [\/vc_column_text][\/vc_column][\/vc_row][vc_row css_animation=&#8221;element_from_fade&#8221; row_type=&#8221;row&#8221; use_row_as_full_screen_section=&#8221;no&#8221; type=&#8221;grid&#8221; angled_section=&#8221;no&#8221; text_align=&#8221;left&#8221; background_image_as_pattern=&#8221;without_pattern&#8221; padding_top=&#8221;40&#8243; padding_bottom=&#8221;50&#8243; z_index=&#8221;&#8221;][vc_column][vc_column_text]Informaci\u00f3 sobre cookies A causa de l&#8217; entrada en vigor de la modificaci\u00f3 de la &#8220;Llei de Serveis de la Societat&#8230;<\/p>\n","protected":false},"author":1,"featured_media":0,"parent":0,"menu_order":0,"comment_status":"closed","ping_status":"closed","template":"full_width.php","meta":{"footnotes":""},"class_list":["post-206","page","type-page","status-publish","hentry"],"_links":{"self":[{"href":"https:\/\/www.vinspravi.es\/ca\/wp-json\/wp\/v2\/pages\/206","targetHints":{"allow":["GET"]}}],"collection":[{"href":"https:\/\/www.vinspravi.es\/ca\/wp-json\/wp\/v2\/pages"}],"about":[{"href":"https:\/\/www.vinspravi.es\/ca\/wp-json\/wp\/v2\/types\/page"}],"author":[{"embeddable":true,"href":"https:\/\/www.vinspravi.es\/ca\/wp-json\/wp\/v2\/users\/1"}],"replies":[{"embeddable":true,"href":"https:\/\/www.vinspravi.es\/ca\/wp-json\/wp\/v2\/comments?post=206"}],"version-history":[{"count":4,"href":"https:\/\/www.vinspravi.es\/ca\/wp-json\/wp\/v2\/pages\/206\/revisions"}],"predecessor-version":[{"id":1284,"href":"https:\/\/www.vinspravi.es\/ca\/wp-json\/wp\/v2\/pages\/206\/revisions\/1284"}],"wp:attachment":[{"href":"https:\/\/www.vinspravi.es\/ca\/wp-json\/wp\/v2\/media?parent=206"}],"curies":[{"name":"wp","href":"https:\/\/api.w.org\/{rel}","templated":true}]}}