{"id":197,"date":"2018-06-17T11:53:29","date_gmt":"2018-06-17T09:53:29","guid":{"rendered":"http:\/\/www.vinspravi.es\/inicio\/"},"modified":"2019-04-13T14:11:35","modified_gmt":"2019-04-13T12:11:35","slug":"inicio","status":"publish","type":"page","link":"https:\/\/www.vinspravi.es\/ca\/","title":{"rendered":"Inici"},"content":{"rendered":"<div class=\"wpb-content-wrapper\"><p>[vc_row css_animation=&#8221;&#8221; row_type=&#8221;row&#8221; use_row_as_full_screen_section=&#8221;no&#8221; type=&#8221;full_width&#8221; angled_section=&#8221;no&#8221; text_align=&#8221;left&#8221; background_image_as_pattern=&#8221;without_pattern&#8221;][vc_column][rev_slider_vc alias=&#8221;homeca&#8221;][\/vc_column][\/vc_row][vc_row css_animation=&#8221;element_from_fade&#8221; row_type=&#8221;row&#8221; use_row_as_full_screen_section=&#8221;no&#8221; type=&#8221;grid&#8221; angled_section=&#8221;no&#8221; text_align=&#8221;left&#8221; background_image_as_pattern=&#8221;without_pattern&#8221; background_color=&#8221;#5e5e5e&#8221; padding_top=&#8221;10&#8243; z_index=&#8221;&#8221; el_class=&#8221;home_icons&#8221;][vc_column width=&#8221;1\/3&#8243;]<div class=\"image_with_text\"><img decoding=\"async\" itemprop=\"image\" src=\"https:\/\/www.vinspravi.es\/wp-content\/uploads\/2018\/06\/diferentes_formats-1.png\" alt=\"VENDA EN DIFERENTS FORMATS AL NOSTRE MAGATZEM\" \/><h6 >VENDA EN DIFERENTS FORMATS AL NOSTRE MAGATZEM<\/h6><span style=\"margin: 6px 0px;\" class=\"separator transparent\"><\/span><\/div>[\/vc_column][vc_column width=&#8221;1\/3&#8243;]<div class=\"image_with_text\"><img decoding=\"async\" itemprop=\"image\" src=\"https:\/\/www.vinspravi.es\/wp-content\/uploads\/2018\/06\/engros-1.png\" alt=\"VENDA A L'ENGR\u00d2S PER RESTAURANTS I ESTABLIMENTS\" \/><h6 >VENDA A L'ENGR\u00d2S PER RESTAURANTS I ESTABLIMENTS<\/h6><span style=\"margin: 6px 0px;\" class=\"separator transparent\"><\/span><\/div>[\/vc_column][vc_column width=&#8221;1\/3&#8243;]<div class=\"image_with_text\"><img decoding=\"async\" itemprop=\"image\" src=\"https:\/\/www.vinspravi.es\/wp-content\/uploads\/2018\/06\/etiquetes-1.png\" alt=\"DISSENY D'ETIQUETES PERSONALITZADES PERA RESTAURANTS\" \/><h6 >DISSENY D'ETIQUETES PERSONALITZADES PERA RESTAURANTS<\/h6><span style=\"margin: 6px 0px;\" class=\"separator transparent\"><\/span><\/div>[\/vc_column][\/vc_row][vc_row css_animation=&#8221;element_from_fade&#8221; row_type=&#8221;row&#8221; use_row_as_full_screen_section=&#8221;no&#8221; type=&#8221;grid&#8221; angled_section=&#8221;no&#8221; text_align=&#8221;center&#8221; background_image_as_pattern=&#8221;without_pattern&#8221; background_color=&#8221;#f7f6f6&#8243; z_index=&#8221;&#8221; el_class=&#8221;home_icons_icon&#8221;][vc_column][vc_single_image image=&#8221;38&#8243; img_size=&#8221;full&#8221; alignment=&#8221;center&#8221; qode_css_animation=&#8221;&#8221;][\/vc_column][\/vc_row][vc_row css_animation=&#8221;element_from_fade&#8221; row_type=&#8221;row&#8221; use_row_as_full_screen_section=&#8221;no&#8221; type=&#8221;grid&#8221; angled_section=&#8221;no&#8221; text_align=&#8221;center&#8221; background_image_as_pattern=&#8221;without_pattern&#8221; background_color=&#8221;#f7f6f6&#8243; padding_top=&#8221;40&#8243; padding_bottom=&#8221;70&#8243; z_index=&#8221;&#8221;][vc_column][vc_column_text el_class=&#8221;section_title&#8221;]<\/p>\n<h1 style=\"text-align: center;\">Vins Pravi, escollim, envasem i distribu\u00efm vi<\/h1>\n<p style=\"text-align: center;\">Embotellament, venda i distribuci\u00f3 de vi per a restaurants i establiments<\/p>\n<p>[\/vc_column_text][vc_row_inner row_type=&#8221;row&#8221; type=&#8221;full_width&#8221; text_align=&#8221;left&#8221; css_animation=&#8221;&#8221; el_class=&#8221;home_intro_wrapper&#8221;][vc_column_inner el_class=&#8221;home_intro&#8221; width=&#8221;2\/3&#8243;][vc_column_text]<\/p>\n<p style=\"text-align: center;\">Som una empresa familiar de Manresa, a la comarca del Bages, fundada l&#8217;any 1964 per Josep Prat. Ens dediquem a l&#8217;embotellament, venda i distribuci\u00f3 de vi. Al nostre magatzem podeu trobar els nostres coneguts vins cl\u00e0ssics i vins de licor, tant a granel com tamb\u00e9 embotellats en diferents formats.<\/p>\n<p style=\"text-align: center;\">Els donem la benvinguda a la nostra p\u00e0gina web. Per a qualsevol assumpte no dubtin en contactar amb nosaltres. Els desitgem que passin una estona agradable visitant-nos.<\/p>\n<p>[\/vc_column_text][\/vc_column_inner][vc_column_inner width=&#8221;1\/3&#8243;][vc_single_image image=&#8221;42&#8243; img_size=&#8221;full&#8221; alignment=&#8221;center&#8221; qode_css_animation=&#8221;&#8221;][\/vc_column_inner][\/vc_row_inner][\/vc_column][\/vc_row][vc_row css_animation=&#8221;element_from_fade&#8221; row_type=&#8221;row&#8221; use_row_as_full_screen_section=&#8221;no&#8221; type=&#8221;grid&#8221; angled_section=&#8221;no&#8221; text_align=&#8221;center&#8221; background_image_as_pattern=&#8221;without_pattern&#8221; padding_top=&#8221;40&#8243; z_index=&#8221;&#8221;][vc_column][vc_column_text el_class=&#8221;section_title&#8221;]<\/p>\n<h2 style=\"text-align: center;\">Els nostres productes destacats<\/h2>\n<p>[\/vc_column_text][vc_row_inner row_type=&#8221;row&#8221; type=&#8221;full_width&#8221; text_align=&#8221;left&#8221; css_animation=&#8221;&#8221; el_class=&#8221;home_productos&#8221;][vc_column_inner width=&#8221;1\/3&#8243;][vc_single_image image=&#8221;397&#8243; img_size=&#8221;full&#8221; alignment=&#8221;center&#8221; onclick=&#8221;custom_link&#8221; qode_css_animation=&#8221;&#8221; link=&#8221;https:\/\/www.vinspravi.es\/ca\/productos\/gran-pravi-negre\/&#8221;][vc_separator type=&#8221;transparent&#8221; up=&#8221;40&#8243;][\/vc_column_inner][vc_column_inner width=&#8221;1\/3&#8243;][vc_single_image image=&#8221;398&#8243; img_size=&#8221;full&#8221; alignment=&#8221;center&#8221; onclick=&#8221;custom_link&#8221; qode_css_animation=&#8221;&#8221; link=&#8221;https:\/\/www.vinspravi.es\/ca\/productos\/heretat-comtal-catalunya-d-o-negre\/&#8221;][vc_separator type=&#8221;transparent&#8221; up=&#8221;40&#8243;][\/vc_column_inner][vc_column_inner width=&#8221;1\/3&#8243;][vc_single_image image=&#8221;399&#8243; img_size=&#8221;full&#8221; alignment=&#8221;center&#8221; onclick=&#8221;custom_link&#8221; qode_css_animation=&#8221;&#8221; link=&#8221;https:\/\/www.vinspravi.es\/ca\/productos\/vinya-del-pont-negre\/&#8221;][vc_separator type=&#8221;transparent&#8221; up=&#8221;40&#8243;][\/vc_column_inner][\/vc_row_inner][\/vc_column][\/vc_row][vc_row css_animation=&#8221;element_from_fade&#8221; row_type=&#8221;row&#8221; use_row_as_full_screen_section=&#8221;no&#8221; type=&#8221;grid&#8221; angled_section=&#8221;no&#8221; text_align=&#8221;center&#8221; background_image=&#8221;703&#8243; background_image_as_pattern=&#8221;without_pattern&#8221; el_class=&#8221;home_visitans&#8221; z_index=&#8221;&#8221;][vc_column][vc_column_text]<\/p>\n<h3 style=\"text-align: center;\">Visita\u2019ns al nostre magatzem de Manresa.<\/h3>\n<p style=\"text-align: center;\">Et podrem oferir els nostres productes a granel, o en diferents formats:<br \/>\nvi cl\u00e0ssic, vins especials de Catalunya, Montsant, Empord\u00e0, Terra Alta i d\u00b4altres regions com Logro\u00f1o, Valadolid i Arag\u00f3. Tamb\u00e9 excel\u00b7lents vins generosos, moscatell, mistela, vi ranci, vi de missa&#8230; tamb\u00e9 a granel!<\/p>\n<p>[\/vc_column_text][\/vc_column][\/vc_row][vc_row css_animation=&#8221;element_from_fade&#8221; row_type=&#8221;row&#8221; use_row_as_full_screen_section=&#8221;no&#8221; type=&#8221;grid&#8221; angled_section=&#8221;no&#8221; text_align=&#8221;center&#8221; background_image_as_pattern=&#8221;without_pattern&#8221; padding_top=&#8221;40&#8243; z_index=&#8221;&#8221;][vc_column][vc_column_text el_class=&#8221;section_title&#8221;]<\/p>\n<h2 style=\"text-align: center;\">Actualitat<\/h2>\n<p>[\/vc_column_text]\n<div class='latest_post_holder boxes three_columns one_row' >\n    <ul>\n    \n        <li class=\"clearfix\">\n            <div class=\"boxes_image\">\n                <a itemprop=\"url\" href=\"https:\/\/www.vinspravi.es\/ca\/el-porro\/\"><img loading=\"lazy\" decoding=\"async\" width=\"539\" height=\"303\" src=\"https:\/\/www.vinspravi.es\/wp-content\/uploads\/2018\/06\/El-PorroCat-539x303.jpg\" class=\"attachment-latest_post_boxes size-latest_post_boxes wp-post-image\" alt=\"El PorroCat\" srcset=\"https:\/\/www.vinspravi.es\/wp-content\/uploads\/2018\/06\/El-PorroCat-539x303.jpg 539w, https:\/\/www.vinspravi.es\/wp-content\/uploads\/2018\/06\/El-PorroCat-64x36.jpg 64w, https:\/\/www.vinspravi.es\/wp-content\/uploads\/2018\/06\/El-PorroCat-300x169.jpg 300w, https:\/\/www.vinspravi.es\/wp-content\/uploads\/2018\/06\/El-PorroCat.jpg 560w\" sizes=\"auto, (max-width: 539px) 100vw, 539px\" \/><\/a>\n            <\/div>\n            <div class=\"latest_post\"  >\n                <div class=\"latest_post_text\">\n                    <div class=\"latest_post_inner\">\n                        <div class=\"latest_post_text_inner\">\n                                                         <div class=\"date_hour_holder\">\n                                    <span itemprop=\"dateCreated\" class=\"date entry_date updated\">19\/06\/2018 <meta itemprop=\"interactionCount\" content=\"UserComments: 0\"\/><\/span>\n                                <\/div>\n                                                        <h5 itemprop=\"name\" class=\"latest_post_title entry_title\"><a itemprop=\"url\" href=\"https:\/\/www.vinspravi.es\/ca\/el-porro\/\">El Porr\u00f3<\/a><\/h5>\n                            <p itemprop=\"description\" class=\"excerpt\">Un porr\u00f3 \u00e9s un recipient de vidre destinat a contenir i servir l\u00edquid, normalment vi Es caracteritza per tenir dos brocs, un m\u00e9s gruixut tradicionalment vertical per\u00f2 lleugerament ...<\/p>\n                            <div class=\"read_more_wrapper\">\n                                <a itemprop=\"url\" class=\"read_more\" href=\"https:\/\/www.vinspravi.es\/ca\/el-porro\/\">Llegir m\u00e9s<\/a>\n                            <\/div>\n                            <span class=\"post_infos\">\n                                \n                                                                \n                                \n                                \n                                \n                            <\/span>\n                        <\/div>\n                    <\/div>\n                <\/div>\n            <\/div>\n        <\/li>\n        <\/ul>\n<\/div>[\/vc_column][\/vc_row]<\/p>\n<\/div>","protected":false},"excerpt":{"rendered":"<p>[vc_row css_animation=&#8221;&#8221; row_type=&#8221;row&#8221; use_row_as_full_screen_section=&#8221;no&#8221; type=&#8221;full_width&#8221; angled_section=&#8221;no&#8221; text_align=&#8221;left&#8221; background_image_as_pattern=&#8221;without_pattern&#8221;][vc_column][rev_slider_vc alias=&#8221;homeca&#8221;][\/vc_column][\/vc_row][vc_row css_animation=&#8221;element_from_fade&#8221; row_type=&#8221;row&#8221; use_row_as_full_screen_section=&#8221;no&#8221; type=&#8221;grid&#8221; angled_section=&#8221;no&#8221; text_align=&#8221;left&#8221; background_image_as_pattern=&#8221;without_pattern&#8221; background_color=&#8221;#5e5e5e&#8221; padding_top=&#8221;10&#8243; z_index=&#8221;&#8221; el_class=&#8221;home_icons&#8221;][vc_column width=&#8221;1\/3&#8243;][\/vc_column][vc_column width=&#8221;1\/3&#8243;][\/vc_column][vc_column width=&#8221;1\/3&#8243;][\/vc_column][\/vc_row][vc_row css_animation=&#8221;element_from_fade&#8221; row_type=&#8221;row&#8221; use_row_as_full_screen_section=&#8221;no&#8221; type=&#8221;grid&#8221; angled_section=&#8221;no&#8221; text_align=&#8221;center&#8221; background_image_as_pattern=&#8221;without_pattern&#8221; background_color=&#8221;#f7f6f6&#8243; z_index=&#8221;&#8221; el_class=&#8221;home_icons_icon&#8221;][vc_column][vc_single_image image=&#8221;38&#8243; img_size=&#8221;full&#8221; alignment=&#8221;center&#8221; qode_css_animation=&#8221;&#8221;][\/vc_column][\/vc_row][vc_row css_animation=&#8221;element_from_fade&#8221; row_type=&#8221;row&#8221; use_row_as_full_screen_section=&#8221;no&#8221; type=&#8221;grid&#8221; angled_section=&#8221;no&#8221; text_align=&#8221;center&#8221; background_image_as_pattern=&#8221;without_pattern&#8221; background_color=&#8221;#f7f6f6&#8243;&#8230;<\/p>\n","protected":false},"author":1,"featured_media":0,"parent":0,"menu_order":0,"comment_status":"closed","ping_status":"closed","template":"full_width.php","meta":{"footnotes":""},"class_list":["post-197","page","type-page","status-publish","hentry"],"_links":{"self":[{"href":"https:\/\/www.vinspravi.es\/ca\/wp-json\/wp\/v2\/pages\/197","targetHints":{"allow":["GET"]}}],"collection":[{"href":"https:\/\/www.vinspravi.es\/ca\/wp-json\/wp\/v2\/pages"}],"about":[{"href":"https:\/\/www.vinspravi.es\/ca\/wp-json\/wp\/v2\/types\/page"}],"author":[{"embeddable":true,"href":"https:\/\/www.vinspravi.es\/ca\/wp-json\/wp\/v2\/users\/1"}],"replies":[{"embeddable":true,"href":"https:\/\/www.vinspravi.es\/ca\/wp-json\/wp\/v2\/comments?post=197"}],"version-history":[{"count":11,"href":"https:\/\/www.vinspravi.es\/ca\/wp-json\/wp\/v2\/pages\/197\/revisions"}],"predecessor-version":[{"id":1052,"href":"https:\/\/www.vinspravi.es\/ca\/wp-json\/wp\/v2\/pages\/197\/revisions\/1052"}],"wp:attachment":[{"href":"https:\/\/www.vinspravi.es\/ca\/wp-json\/wp\/v2\/media?parent=197"}],"curies":[{"name":"wp","href":"https:\/\/api.w.org\/{rel}","templated":true}]}}