{"id":188,"date":"2018-06-24T21:34:18","date_gmt":"2018-06-24T19:34:18","guid":{"rendered":"http:\/\/www.vinspravi.es\/aviso-legal\/"},"modified":"2019-01-22T09:03:19","modified_gmt":"2019-01-22T08:03:19","slug":"avis-legal-i-politica-de-privacitat","status":"publish","type":"page","link":"https:\/\/www.vinspravi.es\/ca\/avis-legal-i-politica-de-privacitat\/","title":{"rendered":"Av\u00eds legal i pol\u00edtica de privacitat"},"content":{"rendered":"<div class=\"wpb-content-wrapper\"><p>[vc_row css_animation=&#8221;element_from_fade&#8221; row_type=&#8221;row&#8221; use_row_as_full_screen_section=&#8221;no&#8221; type=&#8221;grid&#8221; angled_section=&#8221;no&#8221; text_align=&#8221;center&#8221; background_image_as_pattern=&#8221;without_pattern&#8221; padding_top=&#8221;60&#8243; z_index=&#8221;&#8221;][vc_column][vc_column_text el_class=&#8221;section_title&#8221;]<\/p>\n<h1 style=\"text-align: center;\">Av\u00eds legal i pol\u00edtica de privacitat<\/h1>\n<p>[\/vc_column_text][\/vc_column][\/vc_row][vc_row css_animation=&#8221;element_from_fade&#8221; row_type=&#8221;row&#8221; use_row_as_full_screen_section=&#8221;no&#8221; type=&#8221;grid&#8221; angled_section=&#8221;no&#8221; text_align=&#8221;left&#8221; background_image_as_pattern=&#8221;without_pattern&#8221; padding_top=&#8221;40&#8243; padding_bottom=&#8221;50&#8243; z_index=&#8221;&#8221;][vc_column][vc_column_text]Per donar compliment amb l&#8217; establert en la Llei 34\/2002, d&#8217;11 de juliol, de serveis de la societat de la informaci\u00f3 i de comer\u00e7 electr\u00f2nic, a continuaci\u00f3 s&#8217;indiquen les dades de la informaci\u00f3 general d&#8217;aquest lloc web:<br \/>\n<strong><br \/>\nOBJECTE<\/strong><br \/>\nAquestes condicions generals (a partir d&#8217;ara, les &#8220;Condicions Generals&#8221;) regulen l&#8217;\u00fas de tots els serveis d&#8217;aquest lloc web (a partir d&#8217;ara &#8220;el Portal&#8221;) que VINS PRAVI SL, posa a la disposici\u00f3 dels usuaris d&#8217;Internet. Per la simple utilitzaci\u00f3 del Portal, els usuaris expressen la plena acceptaci\u00f3 sense reserves de les mateixes, les quals podran ser modificades per l&#8217;Empresa en qualsevol moment. Els usuaris es veuen aix\u00ed mateix sotmesos a totes aquelles condicions particulars, avisos o reglaments d&#8217;instruccions que es posin en el seu coneixement, en relaci\u00f3 als continguts o serveis concrets, que contemplen all\u00f2 previst en aquestes Condicions Generals sempre i quan no s&#8217; hi oposin .<\/p>\n<p><strong>INFORMACI\u00d3 A L&#8217; USUARI<\/strong><br \/>\nVINS PRAVI SL, \u00e9s el Responsable del tractament de les dades personals de l&#8217; Usuari i l&#8217; informa que aquestes dades seran tractades de conformitat amb el que disposen la normativa vigent en protecci\u00f3 de dades personals, el Reglament (UE) 2016\/679 de 27 de abril de 2016 (GDPR) relatiu a la protecci\u00f3 de les persones f\u00edsiques pel que fa al tractament de dades personals i a la lliure circulaci\u00f3 d&#8217; aquestes dades, pel que se li facilita la seg\u00fcent informaci\u00f3 del tractament:<\/p>\n<p><strong>Qui es El responsable del tractament de les seves dades:<\/strong><\/p>\n<p>El present document constitueix la Pol\u00edtica de privacitat que s&#8217; aplica a totes les dades de car\u00e0cter personal que VINS PRAVI SL tracta sobre vost\u00e8. A continuaci\u00f3 us informem sobre les dades identificatives del RESPONSABLE del tractament:<\/p>\n<p>Responsable: VINS PRAVI SL<br \/>\nCIF: B-58117946<br \/>\nAdre\u00e7a Postal: Ctra. Pont de Vilomara, 126 &#8212; 08240 &#8212; Manresa<br \/>\nTel\u00e8fon de contacte:938.730.394<br \/>\nCorreu electr\u00f2nic: <a href=\"mailto:administracio@vinspravi.es\">administracio@vinspravi.es<\/a><\/p>\n<p><strong>Finalitat. <\/strong><strong>Amb quina finalitat tractem les seves dades?<\/strong><\/p>\n<ul>\n<li><strong>Butllet\u00ed \/ Comunicacions comercials<\/strong><\/li>\n<\/ul>\n<p>En els casos en qu\u00e8 ens atorguis el teu consentiment segons el que preveu l&#8217; article 21 de la Llei de Serveis de la Societat de la Informaci\u00f3, utilitzarem les teves dades identificatives i de contacte per enviar-te informaci\u00f3 sobre les novetats de la p\u00e0gina web, not\u00edcies d&#8217; inter\u00e8s sobre el sector, aix\u00ed com promocions i ofertes dels nostres productes i serveis.<\/p>\n<p>La vig\u00e8ncia de les promocions que t&#8217; enviem poden estar subjectes a la disponibilitat dels productes i a especificacions m\u00e9s concretes sobre les mateixes. Davant de qualsevol dubte, et informarem sobre les condicions de les promocions a trav\u00e9s del nostre Departament d&#8217; Atenci\u00f3 al Client.<\/p>\n<ul>\n<li><strong>Formulari de contacte:<\/strong><\/li>\n<\/ul>\n<p>Les dades personals que ens envies mitjan\u00e7ant el formulari de contacte es tractaran \u00fanicament per atendre la teva consulta. La informaci\u00f3 recollida es limita a dades identificatives i de contacte, aix\u00ed com dades relacionades amb la naturalesa de la petici\u00f3 que ens dirigeixis.<\/p>\n<p>Quant a la informaci\u00f3 autom\u00e0tica de navegaci\u00f3 que recaptem, et recomanem llegir la nostra Pol\u00edtica de cookies.<\/p>\n<p><strong><br \/>\nXARXES SOCIALS<\/strong><\/p>\n<p>Mitjan\u00e7ant la nostra p\u00e0gina web pot accedir a les xarxes socials Facebook, Twitter, Instagram d&#8217; acc\u00e9s obert a tots els usuaris. Es tracta de llocs web on l&#8217; usuari pot registrar i seguir-nos gratu\u00eftament. En aquestes xarxes socials els usuaris podran con\u00e8ixer de les nostres activitats, opinions, accedir a les fotos i v\u00eddeos. Els usuaris d&#8217; aquestes xarxes socials han de ser conscients que aquest lloc \u00e9s independent de la nostra web i est\u00e0 obert, \u00e9s a dir, \u00e9s visible per a tots els seus usuaris, i les pol\u00edtiques de privacitat a aplicar a aquests continguts s\u00f3n les fixades per Facebook, Twitter, Instagram. &#8220;VINS PRAVI SL&#8221; no \u00e9s titular de les xarxes socials.<\/p>\n<p><strong>Quant de temps conservarem les vostres dades?<\/strong><br \/>\nCriteris de conservaci\u00f3 de les dades: Es conservaran mentre hi hagi un inter\u00e8s ambdues parts per mantenir la fi del tractament i quan ja no sigui necessari per a tal fi, es suprimiran amb mesures de seguretat adequades per garantir la seudonimizaci\u00f3 de les dades o la destrucci\u00f3 total dels mateixos.<\/p>\n<p><strong>Legitimaci\u00f3: <\/strong><strong>Quina \u00e9s la legitimaci\u00f3 per al tractament de les vostres dades?<br \/>\n<\/strong>La base legal per al tractament de les seves dades \u00e9s l&#8217;execuci\u00f3 de contracte de subscripci\u00f3 a les activitats que promou l&#8217;empresa i la gesti\u00f3 a les seves consultes rebudes mitjan\u00e7ant el formulari de contacte (segons els termes i condicions que consten en la nostra pol\u00edtica de privacitat).<br \/>\nL&#8217;oferta prospectiva de productes i serveis est\u00e0 basada en el consentiment que se sol\u00b7licita, sense que en cap cas la retirada d&#8217;aquest consentiment condicioni l&#8217;execuci\u00f3 del contracte de serveis.<\/p>\n<p><strong>Destinataris: <\/strong><strong>A quins destinataris es comunicaran les vostres dades?<br \/>\n<\/strong>No es comunicaran les dades a cap destinatari, excepte per una obligaci\u00f3 legal.<\/p>\n<p><strong>Drets:<\/strong><strong>Quins s\u00f3n els vostres drets?<br \/>\n<\/strong>Acc\u00e9s:Qualsevol persona t\u00e9 dret a obtenir confirmaci\u00f3 sobre si en VINS PRAVI SL estem tractant dades personals que els concerneixin, o no.<br \/>\n&#8211; Rectificaci\u00f3: Les persones interessades tenen dret a accedir a les seves dades personals, aix\u00ed com sol\u00b7licitar la rectificaci\u00f3 de les dades inexactes<br \/>\n&#8211; Supresi\u00f3n: Les persones interessades podran sol\u00b7licitar l&#8217;eliminaci\u00f3 de les seves dades personals i ja no siguin necessaris per als fins que van ser recollides.<br \/>\n&#8211; Oposici\u00f3: Els interessats poden oposar-se al tractament de les seves dades amb fins de serveis que ens sol\u00b7licitin del seu inter\u00e8s. VINS PRAVI SL deixar\u00e0 de tractar les dades, excepte motius leg\u00edtims imperiosos o per exercir o defensar possibles reclamacions.<br \/>\n&#8211; Limitaci\u00f3 del Tractament: En determinades circumst\u00e0ncies que preveu l&#8217;article 18 RGPD, els interessats poden sol\u00b7licitar la limitaci\u00f3 del tractament de les seves dades en els seg\u00fcents casos.<br \/>\n\u2022 Mentre es comprova la impugnaci\u00f3 de l&#8217;exactitud de les teves dades.<br \/>\n\u2022 Quan el tractament \u00e9s il\u00b7l\u00edcit. Per\u00f2 s&#8217;oposa a exercir el dret a la supressi\u00f3 de les seves dades.<br \/>\n\u2022 Quan en VINS PRAVI SL no necessita tractar les seves dades, per\u00f2 vost\u00e8 els necessita per a l&#8217;exercici o la defensa de reclamacions.<br \/>\n\u2022 Quan vost\u00e8 s&#8217;oposi al tractament de dades per al compliment d&#8217;una missi\u00f3 en inter\u00e8s p\u00fablic o per a la satisfacci\u00f3 d&#8217;un inter\u00e8s leg\u00edtim. Mentre es verifica si els motius leg\u00edtims per al tractament per davant dels de vost\u00e8.<br \/>\n&#8211; Portabilitat: En virtut del dret a la portabilitat, els interessats tenen dret a obtenir les seves dades personals en un format estructurat d&#8217;\u00fas com\u00fa i lectura mec\u00e0nica i a transmetre&#8217;ls a un altre responsable.<\/p>\n<p>Podr\u00e0 exercir els seus<br \/>\ndrets a:<br \/>\n<a href=\"mailto:administracio@vinspravi.es\">administracio@vinspravi.es<\/a> o Departament Protecci\u00f3 de Dades &#8211; Adre\u00e7a postal: Ctra. Pont de Vilomara 126 , 08240, Manresa &#8211; Tel\u00e8fon: 938.730.394<\/p>\n<p><strong>Com podeu exercir els drets?<br \/>\n<\/strong>Si vost\u00e8 considera que en VINS PRAVI SL no hem tractat les seves dades d&#8217;acord amb la normativa, pot contactar a la seg\u00fcent adre\u00e7a de correu electr\u00f2nic: <a href=\"mailto:administracio@vinspravi.es\">administracio@vinspravi.es<\/a><br \/>\nPer exercitar els seus drets, s&#8217; haur\u00e0 d&#8217;acompanyar a la seva sol\u00b7licitud, el seu DNI o document equivalent que acrediti la seva identitat.<br \/>\nL&#8217; exercici d&#8217; aquests drets \u00e9s gratu\u00eft.<\/p>\n<p><strong>Quines vies de reclamaci\u00f3 hi ha?<br \/>\n<\/strong>Les persones interessades tenen dret a presentar una reclamaci\u00f3 davant l&#8217;Autoritat de Control en mat\u00e8ria de protecci\u00f3 de dades competent, especialment quan no hagi obtingut satisfacci\u00f3 en l&#8217; exercici dels seus drets, i la forma de posar-se en contacte amb ella mitjan\u00e7ant la p\u00e0gina web. http:\/\/www.agpd.es.<\/p>\n<p>&nbsp;<\/p>\n<h1>POL\u00cdTICA DE PRIVACITAT<\/h1>\n<p><strong>CAR\u00c0CTER OBLIGATORI O FACULTATIU DE LA INFORMACI\u00d3 FACILITADA PER L&#8217; USUARI<\/strong><\/p>\n<p>Els Usuaris, mitjan\u00e7ant l&#8217; entrada de dades en els camps en el formulari de contacte o presentats en formularis de desc\u00e0rrega, accepten expressament i de forma lliure i inequ\u00edvoca, que les seves dades s\u00f3n necess\u00e0ries per atendre la seva petici\u00f3, per part del prestador, sent volunt\u00e0ria la inclusi\u00f3 de dades en els camps restants. L&#8217; Usuari garanteix que les dades personals facilitades a VINS PRAVI SL s\u00f3n veraces i es fa responsable de comunicar qualsevol modificaci\u00f3 de les mateixes.<\/p>\n<p>VINS PRAVI SL informa i garanteix expressament als usuaris que les seves dades personals no seran cedides en cap cas a tercers, i que sempre que realitz\u00e9s algun tipus de cessi\u00f3 de dades personals, es demanar\u00e0 pr\u00e8viament el consentiment expr\u00e9s, informat i inequ\u00edvoc per part dels usuaris. Totes les dades sol\u00b7licitades a trav\u00e9s del lloc web s\u00f3n obligatoris, ja que s\u00f3n necessaris per a la prestaci\u00f3 d&#8217; un servei \u00f2ptim a l&#8217; usuari. En cas que no siguin facilitades totes les dades, no es garanteix que la informaci\u00f3 i serveis facilitats siguin completament ajustats a les seves necessitats.<\/p>\n<p><strong>MESURES DE SEGURETAT<br \/>\n<\/strong>Que de conformitat amb el que disposen les normatives vigents en protecci\u00f3 de dades personals, VINS PRAVI SL est\u00e0 complint amb les disposicions de la normativa GDPR per al tractament de les dades personals de la seva responsabilitat, i manifestament amb els principis descrits en l&#8217; article 5 del GDPR, pels quals s\u00f3n tractats de manera l\u00edcita, lleial i transparent en relaci\u00f3 amb l&#8217; interessat i adequades, pertinents i limitats al que \u00e9s necessari en relaci\u00f3 amb els fins per als quals s\u00f3n tractats .<\/p>\n<p>VINS PRAVI SL garanteix que ha implementat pol\u00edtiques t\u00e8cniques i organitzatives apropiades per aplicar les mesures de seguretat que estableixen el GDPR, per tal de protegir els drets i llibertats dels Usuaris i els ha comunicat la informaci\u00f3 adequada perqu\u00e8 puguin exercir-los.<\/p>\n<p><strong>UTILITZACI\u00d3 DEL PORTAL I DELS SERVEIS PER ALS USUARIS<br \/>\n<\/strong>Excepte en el cas que hagin obtingut pr\u00e8via i expressa autoritzaci\u00f3 espec\u00edficament atorgada a tal efecte per part de VINS PRAVI SL, els usuaris s&#8217;abstindran d&#8217;obtenir o intentar obtenir qualsevol tipus de continguts, ja siguin textos, gr\u00e0fics, dibuixos, arxius de so, imatges o fotografies, v\u00eddeos, programari i en general qualsevol classe de material accessible a trav\u00e9s del Portal o dels serveis utilitzats per ells, per mitjans diferents dels que s&#8217;hagin posat a la seva disposici\u00f3 a aquest efecte o dels que s&#8217;emprin habitualment a aquest efecte a Internet.<\/p>\n<p>La reproducci\u00f3, modificaci\u00f3, c\u00f2pia, \u00fas, distribuci\u00f3, comercialitzaci\u00f3, comunicaci\u00f3 p\u00fablica o qualsevol altra utilitzaci\u00f3 de la informaci\u00f3 continguda en el lloc web de VINS PRAVI SL (inclosos el seu propi disseny, configuraci\u00f3 i forma d&#8217;exposici\u00f3 del lloc web) que es realitzin sense autoritzaci\u00f3 de VINS PRAVI SL constitueix una infracci\u00f3 de la legislaci\u00f3 vigent en mat\u00e8ria de propietat intel\u00b7lectual.<\/p>\n<p><strong>POL\u00cdTICA DE COOKIES<br \/>\n<\/strong>A trav\u00e9s d&#8217;aquest lloc web no es recullen dades de car\u00e0cter personal dels usuaris sense el seu coneixement, ni se cedeixen a tercers.<\/p>\n<p>Amb la finalitat d&#8217;oferir el millor servei i amb l&#8217;objecte de facilitar l&#8217;\u00fas, s&#8217;analitzen el nombre de p\u00e0gines visitades, el nombre de visites, aix\u00ed com l&#8217;activitat dels visitants i la seva freq\u00fc\u00e8ncia d&#8217;utilitzaci\u00f3. A aquests efectes, VINS PRAVI SL utilitza la informaci\u00f3 estad\u00edstica elaborada pel Prove\u00efdor de Serveis d&#8217;Internet.<\/p>\n<p>VINS PRAVI SL no utilitza cookies per recollir informaci\u00f3 dels usuaris, ni registra les adreces IP d&#8217;acc\u00e9s. \u00danicament s&#8217;utilitzen cookies pr\u00f2pies, de sessi\u00f3, amb finalitat t\u00e8cnica (aquelles que permeten a l&#8217;usuari la navegaci\u00f3 a trav\u00e9s del lloc web i la utilitzaci\u00f3 de les diferents opcions i serveis que en ella existeixen).<\/p>\n<p><strong>EXCLUSI\u00d3 DE RESPONSABILITAT DELS CONTINGUTS<br \/>\n<\/strong>L&#8217;empresa no \u00e9s en cap cas responsable, ni de forma directa ni subsidi\u00e0ria, de cap contingut, informaci\u00f3, comunicaci\u00f3, opini\u00f3 o manifestaci\u00f3 de qualsevol tipus que tingui el seu origen en l&#8217;usuari o qualsevol persona o entitat i que es comuniqui, difongui, transmeti o exhibeixi a trav\u00e9s d&#8217;aquest portal.<\/p>\n<p><strong>PROPIETAT INTEL.LECTUAL I INDUSTRIAL<br \/>\n<\/strong>Tots els continguts aix\u00ed com noms, logos, marques i bases de dades accessibles en les p\u00e0gines web del Portal estan subjectes a drets de propietat industrial i intel\u00b7lectual de l&#8217;empresa o de tercers titulars dels mateixos. En cap cas l&#8217;acc\u00e9s a les p\u00e0gines web del Portal implica cap tipus de ren\u00fancia, transmissi\u00f3 o cessi\u00f3 total o parcial dels esmentats drets, ni confereix cap dret d&#8217;utilitzaci\u00f3, alteraci\u00f3, explotaci\u00f3, reproducci\u00f3, distribuci\u00f3 o comunicaci\u00f3 p\u00fablica sobre els continguts o b\u00e9ns de propietat industrial sense la pr\u00e8via i expressa autoritzaci\u00f3 espec\u00edficament atorgada a aquest efecte per part de l&#8217;empresa o del tercer titular dels drets, excepte els drets de visualitzar i de realitzar c\u00f2pies per a \u00fas personal i exclusiu de l&#8217;usuari, els quals hauran d&#8217;exercir sempre conforme als principis de la bona fe i la legislaci\u00f3 aplicable.<\/p>\n<p>VINS PRAVI SL i altres denominacions de productes, serveis, gr\u00e0fics i logotips s\u00f3n marques protegides per VINS PRAVI SL. Les denominacions d&#8217;altres productes, serveis i companyies esmentades en aquest document poden ser marques registrades dels seus respectius propietaris.<\/p>\n<p><strong>LLEI APLICABLE<br \/>\n<\/strong>La llei aplicable en cas de disputa o conflicte d&#8217;interpretaci\u00f3 dels termes que conformen aquest av\u00eds legal, aix\u00ed com qualsevol q\u00fcesti\u00f3 relacionada amb els serveis del present portal, ser\u00e0 la llei espanyola[\/vc_column_text][\/vc_column][\/vc_row]<\/p>\n<\/div>","protected":false},"excerpt":{"rendered":"<p>[vc_row css_animation=&#8221;element_from_fade&#8221; row_type=&#8221;row&#8221; use_row_as_full_screen_section=&#8221;no&#8221; type=&#8221;grid&#8221; angled_section=&#8221;no&#8221; text_align=&#8221;center&#8221; background_image_as_pattern=&#8221;without_pattern&#8221; padding_top=&#8221;60&#8243; z_index=&#8221;&#8221;][vc_column][vc_column_text el_class=&#8221;section_title&#8221;] Av\u00eds legal i pol\u00edtica de privacitat [\/vc_column_text][\/vc_column][\/vc_row][vc_row css_animation=&#8221;element_from_fade&#8221; row_type=&#8221;row&#8221; use_row_as_full_screen_section=&#8221;no&#8221; type=&#8221;grid&#8221; angled_section=&#8221;no&#8221; text_align=&#8221;left&#8221; background_image_as_pattern=&#8221;without_pattern&#8221; padding_top=&#8221;40&#8243; padding_bottom=&#8221;50&#8243; z_index=&#8221;&#8221;][vc_column][vc_column_text]Per donar compliment amb l&#8217; establert en la Llei 34\/2002, d&#8217;11 de juliol, de serveis de la societat&#8230;<\/p>\n","protected":false},"author":1,"featured_media":0,"parent":0,"menu_order":0,"comment_status":"closed","ping_status":"closed","template":"full_width.php","meta":{"footnotes":""},"class_list":["post-188","page","type-page","status-publish","hentry"],"_links":{"self":[{"href":"https:\/\/www.vinspravi.es\/ca\/wp-json\/wp\/v2\/pages\/188","targetHints":{"allow":["GET"]}}],"collection":[{"href":"https:\/\/www.vinspravi.es\/ca\/wp-json\/wp\/v2\/pages"}],"about":[{"href":"https:\/\/www.vinspravi.es\/ca\/wp-json\/wp\/v2\/types\/page"}],"author":[{"embeddable":true,"href":"https:\/\/www.vinspravi.es\/ca\/wp-json\/wp\/v2\/users\/1"}],"replies":[{"embeddable":true,"href":"https:\/\/www.vinspravi.es\/ca\/wp-json\/wp\/v2\/comments?post=188"}],"version-history":[{"count":7,"href":"https:\/\/www.vinspravi.es\/ca\/wp-json\/wp\/v2\/pages\/188\/revisions"}],"predecessor-version":[{"id":701,"href":"https:\/\/www.vinspravi.es\/ca\/wp-json\/wp\/v2\/pages\/188\/revisions\/701"}],"wp:attachment":[{"href":"https:\/\/www.vinspravi.es\/ca\/wp-json\/wp\/v2\/media?parent=188"}],"curies":[{"name":"wp","href":"https:\/\/api.w.org\/{rel}","templated":true}]}}